{"id":1625,"date":"2021-03-12T18:19:42","date_gmt":"2021-03-12T18:19:42","guid":{"rendered":"https:\/\/tekniseri.com\/?page_id=1625"},"modified":"2021-03-12T18:19:52","modified_gmt":"2021-03-12T18:19:52","slug":"tryckt-grafik","status":"publish","type":"page","link":"https:\/\/tekniseri.se\/?page_id=1625","title":{"rendered":"Tryckt grafik"},"content":{"rendered":"<div class=\"fusion-fullwidth fullwidth-box fusion-builder-row-1 nonhundred-percent-fullwidth non-hundred-percent-height-scrolling\" style=\"--awb-border-radius-top-left:0px;--awb-border-radius-top-right:0px;--awb-border-radius-bottom-right:0px;--awb-border-radius-bottom-left:0px;--awb-padding-left:10%;--awb-flex-wrap:wrap;\" ><div class=\"fusion-builder-row fusion-row\"><div class=\"fusion-layout-column fusion_builder_column fusion-builder-column-0 fusion_builder_column_1_1 1_1 fusion-one-full fusion-column-first fusion-column-last\" style=\"--awb-bg-size:cover;\"><div class=\"fusion-column-wrapper fusion-column-has-shadow fusion-flex-column-wrapper-legacy\">\t\t\t\t<div class=\"fusion-text fusion-text-1\"><h2 style=\"text-align: center;\">Tryckt Grafik<\/h2>\n<p style=\"text-align: justify;\">Tryckt grafik \u2013 frontpaneler, n\u00f6dutg\u00e5ngs-skyltar och varningsskyltar, samt varum\u00e4rkes och produktm\u00e4rkning \u2013 anv\u00e4nds i flertalet applikationer och milj\u00f6er. Tryckm\u00e4rkning kan anv\u00e4ndas vid screentryck, digitalt tryck och tampografiskt tryck, h\u00e5llbart tryck f\u00f6r formade 3D ytor.<\/p>\n<\/div><div class=\"fusion-menu-anchor\" id=\"graphicoverlays\"><\/div><div class=\"fusion-image-element in-legacy-container\" style=\"--awb-caption-title-font-family:var(--h2_typography-font-family);--awb-caption-title-font-weight:var(--h2_typography-font-weight);--awb-caption-title-font-style:var(--h2_typography-font-style);--awb-caption-title-size:var(--h2_typography-font-size);--awb-caption-title-transform:var(--h2_typography-text-transform);--awb-caption-title-line-height:var(--h2_typography-line-height);--awb-caption-title-letter-spacing:var(--h2_typography-letter-spacing);\"><span class=\" fusion-imageframe imageframe-none imageframe-1 hover-type-none\"><img decoding=\"async\" width=\"1024\" height=\"683\" title=\"IMG_2936\" src=\"https:\/\/tekniseri.com\/wp-content\/uploads\/2020\/06\/IMG_2936-1024x683.jpg\" alt class=\"img-responsive wp-image-1627\" srcset=\"https:\/\/tekniseri.se\/wp-content\/uploads\/2020\/06\/IMG_2936-200x133.jpg 200w, https:\/\/tekniseri.se\/wp-content\/uploads\/2020\/06\/IMG_2936-400x267.jpg 400w, https:\/\/tekniseri.se\/wp-content\/uploads\/2020\/06\/IMG_2936-600x400.jpg 600w, https:\/\/tekniseri.se\/wp-content\/uploads\/2020\/06\/IMG_2936-800x533.jpg 800w, https:\/\/tekniseri.se\/wp-content\/uploads\/2020\/06\/IMG_2936-1200x800.jpg 1200w, https:\/\/tekniseri.se\/wp-content\/uploads\/2020\/06\/IMG_2936-scaled.jpg 2560w\" sizes=\"(max-width: 800px) 100vw, 1024px\" \/><\/span><\/div><div class=\"fusion-text fusion-text-2\"><h3 style=\"text-align: center;\">Grafiska frontpaneler och paneler<\/h3>\n<p style=\"text-align: justify;\">Kunderna vill att produkterna har ett visst utseende och signatur i linje med f\u00f6retagets varum\u00e4rke. M\u00e5let med frontpanelens design \u00e4r att f\u00f6rst\u00e4rka uppfattningen av produkten, vare sig det handlar om h\u00f6g kvalitet, komfort, anv\u00e4ndarv\u00e4nlighet, h\u00e5llbarhet eller styrka.<\/p>\n<p style=\"text-align: justify;\">Grafisk frontpanel \u00e4r i de flesta fall den f\u00f6rsta del som anv\u00e4ndaren r\u00f6r vid och k\u00e4nner i en produkt. Det \u00e4r d\u00e4rmed av yttersta vikt att de designas och produceras f\u00f6r att signalera en viss image till anv\u00e4ndaren.<\/p>\n<p style=\"text-align: justify;\">Frontpanelen screentrycks eller digitaltrycks p\u00e5 baksidan av plastfilm, frontpanelen skyddar printade f\u00e4rger fr\u00e5n slitning. \u00d6nskad f\u00e4rg och form anpassas till kundens \u00f6nskem\u00e5l. Frontpanel klarar sv\u00e5ra milj\u00f6er, d\u00e4r mekanisk slitning, kemikalier, temperaturf\u00f6r\u00e4ndringar, regn, havsvatten eller solljus sliter ytan.<\/p>\n<p style=\"text-align: justify;\">Lim\u00e4mnen f\u00f6r frontpaneler v\u00e4ljs enligt verksamhetsmilj\u00f6ns krav, vilket skapar f\u00f6ruts\u00e4ttningar f\u00f6r stark fastlimning i panelen. Vi producerar frontpaneler av polyester och polykarbonat uteslutande genom v\u00e4lk\u00e4nda varum\u00e4rken.<\/p>\n<\/div><div class=\"fusion-menu-anchor\" id=\"evacuationsigns\"><\/div><div class=\"fusion-image-element in-legacy-container\" style=\"--awb-caption-title-font-family:var(--h2_typography-font-family);--awb-caption-title-font-weight:var(--h2_typography-font-weight);--awb-caption-title-font-style:var(--h2_typography-font-style);--awb-caption-title-size:var(--h2_typography-font-size);--awb-caption-title-transform:var(--h2_typography-text-transform);--awb-caption-title-line-height:var(--h2_typography-line-height);--awb-caption-title-letter-spacing:var(--h2_typography-letter-spacing);\"><span class=\" fusion-imageframe imageframe-none imageframe-2 hover-type-none\"><img decoding=\"async\" width=\"1024\" height=\"684\" title=\"_DSC6632\" src=\"https:\/\/tekniseri.com\/wp-content\/uploads\/2020\/06\/DSC6632-1024x684.jpg\" alt class=\"img-responsive wp-image-1626\" srcset=\"https:\/\/tekniseri.se\/wp-content\/uploads\/2020\/06\/DSC6632-200x134.jpg 200w, https:\/\/tekniseri.se\/wp-content\/uploads\/2020\/06\/DSC6632-400x267.jpg 400w, https:\/\/tekniseri.se\/wp-content\/uploads\/2020\/06\/DSC6632-600x401.jpg 600w, https:\/\/tekniseri.se\/wp-content\/uploads\/2020\/06\/DSC6632-800x534.jpg 800w, https:\/\/tekniseri.se\/wp-content\/uploads\/2020\/06\/DSC6632-1200x801.jpg 1200w, https:\/\/tekniseri.se\/wp-content\/uploads\/2020\/06\/DSC6632-scaled.jpg 2560w\" sizes=\"(max-width: 800px) 100vw, 1024px\" \/><\/span><\/div><div class=\"fusion-text fusion-text-3\"><h3 style=\"text-align: center;\">Evakueringsguider och varningsskyltar<\/h3>\n<p style=\"text-align: justify;\">Tekniseri hj\u00e4lper n\u00f6dljusf\u00f6retag att utveckla s\u00e4krare exit-ljus f\u00f6r byggnader, fartyg och tunnlar genom att erbjuda tryckta evakuerings- och varningsskyltar som designats f\u00f6r att h\u00e5lla l\u00e4nge, utan att f\u00e4rgslitning ska kunna ske.<\/p>\n<p style=\"text-align: justify;\">Exit-skyltprodukter kan vara screentryckta eller digitalt printade och ingraverade p\u00e5 ett brett utbud av material som t.ex. akryl, polykarbonat, polypropylenfilm och reflekterande material. Grafiken g\u00f6rs alltid i enlighet med kundens \u00f6nskem\u00e5l.<\/p>\n<p style=\"text-align: justify;\">Sk\u00e4rning kan g\u00f6ras antingen med kniv- eller lasersk\u00e4rning. Den maximala tjockleken f\u00f6r akrylmaterial \u00e4r 12mm. Beroende p\u00e5 anv\u00e4ndningsomr\u00e5de, kan skylten antingen vara upplyst bakifr\u00e5n eller fr\u00e5n kanterna. Tekniseri producerar \u00e4ven f\u00e4rdiga delar av produkten till kunderna.<\/p>\n<\/div><div class=\"fusion-menu-anchor\" id=\"printingonmechanics\"><\/div><div class=\"fusion-image-element in-legacy-container\" style=\"--awb-caption-title-font-family:var(--h2_typography-font-family);--awb-caption-title-font-weight:var(--h2_typography-font-weight);--awb-caption-title-font-style:var(--h2_typography-font-style);--awb-caption-title-size:var(--h2_typography-font-size);--awb-caption-title-transform:var(--h2_typography-text-transform);--awb-caption-title-line-height:var(--h2_typography-line-height);--awb-caption-title-letter-spacing:var(--h2_typography-letter-spacing);\"><span class=\" fusion-imageframe imageframe-none imageframe-3 hover-type-none\"><img decoding=\"async\" width=\"1600\" height=\"832\" title=\"3DSURFFI2\" src=\"https:\/\/tekniseri.com\/wp-content\/uploads\/2020\/08\/3DSURFFI2.png\" alt class=\"img-responsive wp-image-489\" srcset=\"https:\/\/tekniseri.se\/wp-content\/uploads\/2020\/08\/3DSURFFI2-200x104.png 200w, https:\/\/tekniseri.se\/wp-content\/uploads\/2020\/08\/3DSURFFI2-400x208.png 400w, https:\/\/tekniseri.se\/wp-content\/uploads\/2020\/08\/3DSURFFI2-600x312.png 600w, https:\/\/tekniseri.se\/wp-content\/uploads\/2020\/08\/3DSURFFI2-800x416.png 800w, https:\/\/tekniseri.se\/wp-content\/uploads\/2020\/08\/3DSURFFI2-1200x624.png 1200w, https:\/\/tekniseri.se\/wp-content\/uploads\/2020\/08\/3DSURFFI2.png 1600w\" sizes=\"(max-width: 800px) 100vw, 1600px\" \/><\/span><\/div><div class=\"fusion-text fusion-text-4\"><h3 style=\"text-align: center;\">Tryck p\u00e5 mekanik och 3D ytor<\/h3>\n<p style=\"text-align: justify;\">En oj\u00e4mn eller bucklig yta \u00e4r inte ett hinder f\u00f6r att printa m\u00e4rkning av h\u00f6g kvalitet p\u00e5 mekaniska delar. Tekniseris tampografiska tryckmaskin m\u00f6jligg\u00f6r att vi kan trycka \u00e4ven p\u00e5 oj\u00e4mna ytor. Screentryck-teknologi \u00e4r ocks\u00e5 applicerbar n\u00e4r man trycker p\u00e5 platta ytor, t.ex. n\u00e4r man trycker p\u00e5 frontpanelplattor. Den gemensamma faktorn f\u00f6r b\u00e4gge trycktekniker som anv\u00e4nds av Tekniseri, \u00e4r perfekt tryckkvalitet. Vi producerar d\u00e4rut\u00f6ver \u00e4ven t\u00e4ckplattor i plast och metall.<\/p>\n<\/div><div class=\"fusion-menu-anchor\" id=\"labels\"><\/div><div class=\"fusion-image-element in-legacy-container\" style=\"--awb-caption-title-font-family:var(--h2_typography-font-family);--awb-caption-title-font-weight:var(--h2_typography-font-weight);--awb-caption-title-font-style:var(--h2_typography-font-style);--awb-caption-title-size:var(--h2_typography-font-size);--awb-caption-title-transform:var(--h2_typography-text-transform);--awb-caption-title-line-height:var(--h2_typography-line-height);--awb-caption-title-letter-spacing:var(--h2_typography-letter-spacing);\"><span class=\" fusion-imageframe imageframe-none imageframe-4 hover-type-none\"><img decoding=\"async\" width=\"1024\" height=\"633\" title=\"leibels\" src=\"https:\/\/tekniseri.com\/wp-content\/uploads\/2020\/06\/leibels-1024x633.png\" alt class=\"img-responsive wp-image-339\"\/><\/span><\/div><div class=\"fusion-text fusion-text-5\"><h3 style=\"text-align: center;\">M\u00e4rkning och dekaler<\/h3>\n<p style=\"text-align: justify;\">Tekniseris screentryckta m\u00e4rken kan produceras i vilken form eller f\u00e4rg som helst, i enlighet med kundens \u00f6nskningar eller reglementen. Vilken f\u00e4rg som anv\u00e4nds vid screentryck best\u00e4ms i varje enskilt fall beroende p\u00e5 design. \u00c4ven de minsta texterna och figurerna samt samtliga viktiga detaljer reproduceras av h\u00f6g klass. Tekniseris l\u00e5nga erfarenhet m\u00f6ter kundernas intressen p\u00e5 b\u00e4sta s\u00e4tt. M\u00e4rkning kan g\u00f6ras p\u00e5 milj\u00f6v\u00e4nliga material s\u00e5som polyester, eller andra specificerade plastmaterial.<\/p>\n<\/div><div class=\"fusion-clearfix\"><\/div><\/div><\/div><\/div><\/div>\n","protected":false},"excerpt":{"rendered":"","protected":false},"author":1,"featured_media":0,"parent":1651,"menu_order":0,"comment_status":"closed","ping_status":"closed","template":"","meta":{"footnotes":""},"class_list":["post-1625","page","type-page","status-publish","hentry"],"yoast_head":"<!-- This site is optimized with the Yoast SEO plugin v27.3 - https:\/\/yoast.com\/product\/yoast-seo-wordpress\/ -->\n<title>Tryckt grafik &#187; Tekniseri<\/title>\n<meta name=\"robots\" content=\"index, follow, max-snippet:-1, max-image-preview:large, max-video-preview:-1\" \/>\n<link rel=\"canonical\" href=\"https:\/\/tekniseri.se\/?page_id=1625\" \/>\n<meta property=\"og:locale\" content=\"sv_SE\" \/>\n<meta property=\"og:type\" content=\"article\" \/>\n<meta property=\"og:title\" content=\"Tryckt grafik &#187; Tekniseri\" \/>\n<meta property=\"og:url\" content=\"https:\/\/tekniseri.se\/?page_id=1625\" \/>\n<meta property=\"og:site_name\" content=\"Tekniseri\" \/>\n<meta property=\"article:publisher\" content=\"https:\/\/www.facebook.com\/tekniseri\/\" \/>\n<meta property=\"article:modified_time\" content=\"2021-03-12T18:19:52+00:00\" \/>\n<meta name=\"twitter:card\" content=\"summary_large_image\" \/>\n<meta name=\"twitter:label1\" content=\"Ber\u00e4knad l\u00e4stid\" \/>\n\t<meta name=\"twitter:data1\" content=\"7 minuter\" \/>\n<script type=\"application\/ld+json\" class=\"yoast-schema-graph\">{\"@context\":\"https:\\\/\\\/schema.org\",\"@graph\":[{\"@type\":\"WebPage\",\"@id\":\"https:\\\/\\\/tekniseri.se\\\/?page_id=1625\",\"url\":\"https:\\\/\\\/tekniseri.se\\\/?page_id=1625\",\"name\":\"Tryckt grafik &#187; Tekniseri\",\"isPartOf\":{\"@id\":\"https:\\\/\\\/tekniseri.se\\\/#website\"},\"datePublished\":\"2021-03-12T18:19:42+00:00\",\"dateModified\":\"2021-03-12T18:19:52+00:00\",\"breadcrumb\":{\"@id\":\"https:\\\/\\\/tekniseri.se\\\/?page_id=1625#breadcrumb\"},\"inLanguage\":\"sv-SE\",\"potentialAction\":[{\"@type\":\"ReadAction\",\"target\":[\"https:\\\/\\\/tekniseri.se\\\/?page_id=1625\"]}]},{\"@type\":\"BreadcrumbList\",\"@id\":\"https:\\\/\\\/tekniseri.se\\\/?page_id=1625#breadcrumb\",\"itemListElement\":[{\"@type\":\"ListItem\",\"position\":1,\"name\":\"Home\",\"item\":\"https:\\\/\\\/tekniseri.se\\\/\"},{\"@type\":\"ListItem\",\"position\":2,\"name\":\"Produkter och tj\u00e4nster\",\"item\":\"https:\\\/\\\/tekniseri.se\\\/?page_id=1636\"},{\"@type\":\"ListItem\",\"position\":3,\"name\":\"Produkter\",\"item\":\"https:\\\/\\\/tekniseri.se\\\/?page_id=1651\"},{\"@type\":\"ListItem\",\"position\":4,\"name\":\"Tryckt grafik\"}]},{\"@type\":\"WebSite\",\"@id\":\"https:\\\/\\\/tekniseri.se\\\/#website\",\"url\":\"https:\\\/\\\/tekniseri.se\\\/\",\"name\":\"Tekniseri\",\"description\":\"\",\"publisher\":{\"@id\":\"https:\\\/\\\/tekniseri.se\\\/#organization\"},\"potentialAction\":[{\"@type\":\"SearchAction\",\"target\":{\"@type\":\"EntryPoint\",\"urlTemplate\":\"https:\\\/\\\/tekniseri.se\\\/?s={search_term_string}\"},\"query-input\":{\"@type\":\"PropertyValueSpecification\",\"valueRequired\":true,\"valueName\":\"search_term_string\"}}],\"inLanguage\":\"sv-SE\"},{\"@type\":\"Organization\",\"@id\":\"https:\\\/\\\/tekniseri.se\\\/#organization\",\"name\":\"Tekniseri\",\"url\":\"https:\\\/\\\/tekniseri.se\\\/\",\"logo\":{\"@type\":\"ImageObject\",\"inLanguage\":\"sv-SE\",\"@id\":\"https:\\\/\\\/tekniseri.se\\\/#\\\/schema\\\/logo\\\/image\\\/\",\"url\":\"https:\\\/\\\/tekniseri.se\\\/wp-content\\\/uploads\\\/2023\\\/01\\\/Tekniseri-Logo-2023.jpg\",\"contentUrl\":\"https:\\\/\\\/tekniseri.se\\\/wp-content\\\/uploads\\\/2023\\\/01\\\/Tekniseri-Logo-2023.jpg\",\"width\":2422,\"height\":356,\"caption\":\"Tekniseri\"},\"image\":{\"@id\":\"https:\\\/\\\/tekniseri.se\\\/#\\\/schema\\\/logo\\\/image\\\/\"},\"sameAs\":[\"https:\\\/\\\/www.facebook.com\\\/tekniseri\\\/\",\"https:\\\/\\\/linkedin.com\\\/company\\\/tekniseri\"]}]}<\/script>\n<!-- \/ Yoast SEO plugin. -->","yoast_head_json":{"title":"Tryckt grafik &#187; Tekniseri","robots":{"index":"index","follow":"follow","max-snippet":"max-snippet:-1","max-image-preview":"max-image-preview:large","max-video-preview":"max-video-preview:-1"},"canonical":"https:\/\/tekniseri.se\/?page_id=1625","og_locale":"sv_SE","og_type":"article","og_title":"Tryckt grafik &#187; Tekniseri","og_url":"https:\/\/tekniseri.se\/?page_id=1625","og_site_name":"Tekniseri","article_publisher":"https:\/\/www.facebook.com\/tekniseri\/","article_modified_time":"2021-03-12T18:19:52+00:00","twitter_card":"summary_large_image","twitter_misc":{"Ber\u00e4knad l\u00e4stid":"7 minuter"},"schema":{"@context":"https:\/\/schema.org","@graph":[{"@type":"WebPage","@id":"https:\/\/tekniseri.se\/?page_id=1625","url":"https:\/\/tekniseri.se\/?page_id=1625","name":"Tryckt grafik &#187; Tekniseri","isPartOf":{"@id":"https:\/\/tekniseri.se\/#website"},"datePublished":"2021-03-12T18:19:42+00:00","dateModified":"2021-03-12T18:19:52+00:00","breadcrumb":{"@id":"https:\/\/tekniseri.se\/?page_id=1625#breadcrumb"},"inLanguage":"sv-SE","potentialAction":[{"@type":"ReadAction","target":["https:\/\/tekniseri.se\/?page_id=1625"]}]},{"@type":"BreadcrumbList","@id":"https:\/\/tekniseri.se\/?page_id=1625#breadcrumb","itemListElement":[{"@type":"ListItem","position":1,"name":"Home","item":"https:\/\/tekniseri.se\/"},{"@type":"ListItem","position":2,"name":"Produkter och tj\u00e4nster","item":"https:\/\/tekniseri.se\/?page_id=1636"},{"@type":"ListItem","position":3,"name":"Produkter","item":"https:\/\/tekniseri.se\/?page_id=1651"},{"@type":"ListItem","position":4,"name":"Tryckt grafik"}]},{"@type":"WebSite","@id":"https:\/\/tekniseri.se\/#website","url":"https:\/\/tekniseri.se\/","name":"Tekniseri","description":"","publisher":{"@id":"https:\/\/tekniseri.se\/#organization"},"potentialAction":[{"@type":"SearchAction","target":{"@type":"EntryPoint","urlTemplate":"https:\/\/tekniseri.se\/?s={search_term_string}"},"query-input":{"@type":"PropertyValueSpecification","valueRequired":true,"valueName":"search_term_string"}}],"inLanguage":"sv-SE"},{"@type":"Organization","@id":"https:\/\/tekniseri.se\/#organization","name":"Tekniseri","url":"https:\/\/tekniseri.se\/","logo":{"@type":"ImageObject","inLanguage":"sv-SE","@id":"https:\/\/tekniseri.se\/#\/schema\/logo\/image\/","url":"https:\/\/tekniseri.se\/wp-content\/uploads\/2023\/01\/Tekniseri-Logo-2023.jpg","contentUrl":"https:\/\/tekniseri.se\/wp-content\/uploads\/2023\/01\/Tekniseri-Logo-2023.jpg","width":2422,"height":356,"caption":"Tekniseri"},"image":{"@id":"https:\/\/tekniseri.se\/#\/schema\/logo\/image\/"},"sameAs":["https:\/\/www.facebook.com\/tekniseri\/","https:\/\/linkedin.com\/company\/tekniseri"]}]}},"_links":{"self":[{"href":"https:\/\/tekniseri.se\/index.php?rest_route=\/wp\/v2\/pages\/1625","targetHints":{"allow":["GET"]}}],"collection":[{"href":"https:\/\/tekniseri.se\/index.php?rest_route=\/wp\/v2\/pages"}],"about":[{"href":"https:\/\/tekniseri.se\/index.php?rest_route=\/wp\/v2\/types\/page"}],"author":[{"embeddable":true,"href":"https:\/\/tekniseri.se\/index.php?rest_route=\/wp\/v2\/users\/1"}],"replies":[{"embeddable":true,"href":"https:\/\/tekniseri.se\/index.php?rest_route=%2Fwp%2Fv2%2Fcomments&post=1625"}],"version-history":[{"count":8,"href":"https:\/\/tekniseri.se\/index.php?rest_route=\/wp\/v2\/pages\/1625\/revisions"}],"predecessor-version":[{"id":1635,"href":"https:\/\/tekniseri.se\/index.php?rest_route=\/wp\/v2\/pages\/1625\/revisions\/1635"}],"up":[{"embeddable":true,"href":"https:\/\/tekniseri.se\/index.php?rest_route=\/wp\/v2\/pages\/1651"}],"wp:attachment":[{"href":"https:\/\/tekniseri.se\/index.php?rest_route=%2Fwp%2Fv2%2Fmedia&parent=1625"}],"curies":[{"name":"wp","href":"https:\/\/api.w.org\/{rel}","templated":true}]}}