{"id":1613,"date":"2021-03-12T18:06:25","date_gmt":"2021-03-12T18:06:25","guid":{"rendered":"https:\/\/tekniseri.com\/?page_id=1613"},"modified":"2021-03-12T18:06:28","modified_gmt":"2021-03-12T18:06:28","slug":"hk-instruments","status":"publish","type":"page","link":"https:\/\/tekniseri.se\/?page_id=1613","title":{"rendered":"HK Instruments"},"content":{"rendered":"<div class=\"fusion-fullwidth fullwidth-box fusion-builder-row-1 nonhundred-percent-fullwidth non-hundred-percent-height-scrolling\" style=\"--awb-border-radius-top-left:0px;--awb-border-radius-top-right:0px;--awb-border-radius-bottom-right:0px;--awb-border-radius-bottom-left:0px;--awb-flex-wrap:wrap;\" ><div class=\"fusion-builder-row fusion-row\"><div class=\"fusion-layout-column fusion_builder_column fusion-builder-column-0 fusion_builder_column_1_1 1_1 fusion-one-full fusion-column-first fusion-column-last\" style=\"--awb-bg-size:cover;\"><div class=\"fusion-column-wrapper fusion-column-has-shadow fusion-flex-column-wrapper-legacy\"><div class=\"fusion-image-element fusion-image-align-center in-legacy-container\" style=\"text-align:center;--awb-caption-title-font-family:var(--h2_typography-font-family);--awb-caption-title-font-weight:var(--h2_typography-font-weight);--awb-caption-title-font-style:var(--h2_typography-font-style);--awb-caption-title-size:var(--h2_typography-font-size);--awb-caption-title-transform:var(--h2_typography-text-transform);--awb-caption-title-line-height:var(--h2_typography-line-height);--awb-caption-title-letter-spacing:var(--h2_typography-letter-spacing);\"><div class=\"imageframe-align-center\"><span class=\" fusion-imageframe imageframe-none imageframe-1 hover-type-none\"><img decoding=\"async\" width=\"1024\" height=\"596\" title=\"shutterstock_675097492\" src=\"https:\/\/tekniseri.com\/wp-content\/uploads\/2020\/05\/shutterstock_675097492-scaled-e1590750052568-1024x596.jpg\" alt class=\"img-responsive wp-image-1614\" srcset=\"https:\/\/tekniseri.se\/wp-content\/uploads\/2020\/05\/shutterstock_675097492-scaled-e1590750052568-200x116.jpg 200w, https:\/\/tekniseri.se\/wp-content\/uploads\/2020\/05\/shutterstock_675097492-scaled-e1590750052568-400x233.jpg 400w, https:\/\/tekniseri.se\/wp-content\/uploads\/2020\/05\/shutterstock_675097492-scaled-e1590750052568-600x349.jpg 600w, https:\/\/tekniseri.se\/wp-content\/uploads\/2020\/05\/shutterstock_675097492-scaled-e1590750052568-800x466.jpg 800w, https:\/\/tekniseri.se\/wp-content\/uploads\/2020\/05\/shutterstock_675097492-scaled-e1590750052568-1200x699.jpg 1200w, https:\/\/tekniseri.se\/wp-content\/uploads\/2020\/05\/shutterstock_675097492-scaled-e1590750052568.jpg 2560w\" sizes=\"(max-width: 800px) 100vw, 1024px\" \/><\/span><\/div><\/div><div class=\"fusion-text fusion-text-1\"><h3 style=\"text-align: center;\"><span class=\"TextRun SCXW87919291 BCX0\" lang=\"EN-US\" xml:lang=\"EN-US\" data-contrast=\"auto\"><span class=\"NormalTextRun SCXW87919291 BCX0\">Gr\u00f6na, milj\u00f6medvetna teknologier f\u00f6r att st\u00e4rka framtida VVS-systemutveckling<\/span><\/span><span class=\"EOP SCXW87919291 BCX0\" data-ccp-props=\"{\"> <\/span><\/h3>\n<p style=\"text-align: justify;\">VVS-industrin tar steg f\u00f6r att applicera nya teknologier f\u00f6r att kunna utveckla milj\u00f6v\u00e4nliga l\u00f6sningar. V\u00e4rme, ventilation och i synnerhet luftkonditioneringsutrustning har inte alltid designats med de milj\u00f6m\u00e4ssiga aspekterna i \u00e5tanke, men nya trender inom industrin, s\u00e5som sakernas internet (IoT), smart teknologi och dataanalys och automation, har tydligt st\u00e4rkt effektiviteten inom VVS-industrins olika applikationer. HK Instruments tryckkontroller anv\u00e4nds f\u00f6r att m\u00e4ta och \u00f6vervaka tryck, luftfl\u00f6de och fuktighet i VVS-system. Detta m\u00f6jligg\u00f6r god och h\u00e4lsosam inomhusluft, samtidigt som operativa kostnader kan kontrolleras, samt byggnadsunderh\u00e5ll hanteras.<\/p>\n<\/div><div class=\"fusion-image-element fusion-image-align-center in-legacy-container\" style=\"text-align:center;--awb-caption-title-font-family:var(--h2_typography-font-family);--awb-caption-title-font-weight:var(--h2_typography-font-weight);--awb-caption-title-font-style:var(--h2_typography-font-style);--awb-caption-title-size:var(--h2_typography-font-size);--awb-caption-title-transform:var(--h2_typography-text-transform);--awb-caption-title-line-height:var(--h2_typography-line-height);--awb-caption-title-letter-spacing:var(--h2_typography-letter-spacing);\"><div class=\"imageframe-align-center\"><span class=\" fusion-imageframe imageframe-none imageframe-2 hover-type-none\"><img decoding=\"async\" width=\"1024\" height=\"564\" title=\"hkinstruments\" src=\"https:\/\/tekniseri.com\/wp-content\/uploads\/2020\/06\/hkinstruments-1024x564.png\" alt class=\"img-responsive wp-image-1616\" srcset=\"https:\/\/tekniseri.se\/wp-content\/uploads\/2020\/06\/hkinstruments-200x110.png 200w, https:\/\/tekniseri.se\/wp-content\/uploads\/2020\/06\/hkinstruments-400x221.png 400w, https:\/\/tekniseri.se\/wp-content\/uploads\/2020\/06\/hkinstruments-600x331.png 600w, https:\/\/tekniseri.se\/wp-content\/uploads\/2020\/06\/hkinstruments-800x441.png 800w, https:\/\/tekniseri.se\/wp-content\/uploads\/2020\/06\/hkinstruments-1200x662.png 1200w, https:\/\/tekniseri.se\/wp-content\/uploads\/2020\/06\/hkinstruments.png 1600w\" sizes=\"(max-width: 800px) 100vw, 1024px\" \/><\/span><\/div><\/div><div class=\"fusion-text fusion-text-2\"><p>Tekniseri tillverkar frontpaneler f\u00f6r HK Instruments produkter. HK Instruments \u00e4r ett finskt familjef\u00f6retag, som bidrar med att producera inomhusluft av h\u00f6g kvalitet, och energibesparingar, genom att producera anv\u00e4ndarv\u00e4nliga m\u00e4tinstrument, som f\u00f6rb\u00e4ttrar byggnaders funktionalitet. Produktportf\u00f6ljen best\u00e5r av serier av tryck- och luftfl\u00f6des-transmittrar, koldioxid- och fuktighetss\u00e4ndare, samt s\u00e4ndare och sensorer f\u00f6r v\u00e4tskor. Tekniseri har samarbetat med HK Instruments under ett flertal \u00e5r, och producerat frontpaneler f\u00f6r deras samtliga produktserier. HK Instruments har v\u00e4ldigt h\u00f6ga krav f\u00f6r tryckkvalitet och precision, speciellt d\u00e5 det kommer till m\u00e4tning och visning av metriska kvantiteter. Tekniseri har utvecklat produktionsmetoder tillsammans med HK Instruments f\u00f6r att m\u00f6ta de tuffa krav som finns p\u00e5 precision.<\/p>\n<p>F\u00f6r att l\u00e4sa mer om HK Instruments, se: <em><a href=\"https:\/\/www.hkinstruments.fi\/\">HKInstruments.fi<\/a><\/em>.<\/p>\n<\/div><div class=\"fusion-clearfix\"><\/div><\/div><\/div><\/div><\/div>\n","protected":false},"excerpt":{"rendered":"","protected":false},"author":1,"featured_media":0,"parent":1643,"menu_order":0,"comment_status":"closed","ping_status":"closed","template":"","meta":{"footnotes":""},"class_list":["post-1613","page","type-page","status-publish","hentry"],"yoast_head":"<!-- This site is optimized with the Yoast SEO plugin v27.3 - https:\/\/yoast.com\/product\/yoast-seo-wordpress\/ -->\n<title>HK Instruments &#187; Tekniseri<\/title>\n<meta name=\"robots\" content=\"index, follow, max-snippet:-1, max-image-preview:large, max-video-preview:-1\" \/>\n<link rel=\"canonical\" href=\"https:\/\/tekniseri.se\/?page_id=1613\" \/>\n<meta property=\"og:locale\" content=\"sv_SE\" \/>\n<meta property=\"og:type\" content=\"article\" \/>\n<meta property=\"og:title\" content=\"HK Instruments &#187; Tekniseri\" \/>\n<meta property=\"og:url\" content=\"https:\/\/tekniseri.se\/?page_id=1613\" \/>\n<meta property=\"og:site_name\" content=\"Tekniseri\" \/>\n<meta property=\"article:publisher\" content=\"https:\/\/www.facebook.com\/tekniseri\/\" \/>\n<meta property=\"article:modified_time\" content=\"2021-03-12T18:06:28+00:00\" \/>\n<meta name=\"twitter:card\" content=\"summary_large_image\" \/>\n<meta name=\"twitter:label1\" content=\"Ber\u00e4knad l\u00e4stid\" \/>\n\t<meta name=\"twitter:data1\" content=\"4 minuter\" \/>\n<script type=\"application\/ld+json\" class=\"yoast-schema-graph\">{\"@context\":\"https:\\\/\\\/schema.org\",\"@graph\":[{\"@type\":\"WebPage\",\"@id\":\"https:\\\/\\\/tekniseri.se\\\/?page_id=1613\",\"url\":\"https:\\\/\\\/tekniseri.se\\\/?page_id=1613\",\"name\":\"HK Instruments &#187; Tekniseri\",\"isPartOf\":{\"@id\":\"https:\\\/\\\/tekniseri.se\\\/#website\"},\"datePublished\":\"2021-03-12T18:06:25+00:00\",\"dateModified\":\"2021-03-12T18:06:28+00:00\",\"breadcrumb\":{\"@id\":\"https:\\\/\\\/tekniseri.se\\\/?page_id=1613#breadcrumb\"},\"inLanguage\":\"sv-SE\",\"potentialAction\":[{\"@type\":\"ReadAction\",\"target\":[\"https:\\\/\\\/tekniseri.se\\\/?page_id=1613\"]}]},{\"@type\":\"BreadcrumbList\",\"@id\":\"https:\\\/\\\/tekniseri.se\\\/?page_id=1613#breadcrumb\",\"itemListElement\":[{\"@type\":\"ListItem\",\"position\":1,\"name\":\"Home\",\"item\":\"https:\\\/\\\/tekniseri.se\\\/\"},{\"@type\":\"ListItem\",\"position\":2,\"name\":\"Referenser\",\"item\":\"https:\\\/\\\/tekniseri.se\\\/?page_id=1643\"},{\"@type\":\"ListItem\",\"position\":3,\"name\":\"HK Instruments\"}]},{\"@type\":\"WebSite\",\"@id\":\"https:\\\/\\\/tekniseri.se\\\/#website\",\"url\":\"https:\\\/\\\/tekniseri.se\\\/\",\"name\":\"Tekniseri\",\"description\":\"\",\"publisher\":{\"@id\":\"https:\\\/\\\/tekniseri.se\\\/#organization\"},\"potentialAction\":[{\"@type\":\"SearchAction\",\"target\":{\"@type\":\"EntryPoint\",\"urlTemplate\":\"https:\\\/\\\/tekniseri.se\\\/?s={search_term_string}\"},\"query-input\":{\"@type\":\"PropertyValueSpecification\",\"valueRequired\":true,\"valueName\":\"search_term_string\"}}],\"inLanguage\":\"sv-SE\"},{\"@type\":\"Organization\",\"@id\":\"https:\\\/\\\/tekniseri.se\\\/#organization\",\"name\":\"Tekniseri\",\"url\":\"https:\\\/\\\/tekniseri.se\\\/\",\"logo\":{\"@type\":\"ImageObject\",\"inLanguage\":\"sv-SE\",\"@id\":\"https:\\\/\\\/tekniseri.se\\\/#\\\/schema\\\/logo\\\/image\\\/\",\"url\":\"https:\\\/\\\/tekniseri.se\\\/wp-content\\\/uploads\\\/2023\\\/01\\\/Tekniseri-Logo-2023.jpg\",\"contentUrl\":\"https:\\\/\\\/tekniseri.se\\\/wp-content\\\/uploads\\\/2023\\\/01\\\/Tekniseri-Logo-2023.jpg\",\"width\":2422,\"height\":356,\"caption\":\"Tekniseri\"},\"image\":{\"@id\":\"https:\\\/\\\/tekniseri.se\\\/#\\\/schema\\\/logo\\\/image\\\/\"},\"sameAs\":[\"https:\\\/\\\/www.facebook.com\\\/tekniseri\\\/\",\"https:\\\/\\\/linkedin.com\\\/company\\\/tekniseri\"]}]}<\/script>\n<!-- \/ Yoast SEO plugin. -->","yoast_head_json":{"title":"HK Instruments &#187; Tekniseri","robots":{"index":"index","follow":"follow","max-snippet":"max-snippet:-1","max-image-preview":"max-image-preview:large","max-video-preview":"max-video-preview:-1"},"canonical":"https:\/\/tekniseri.se\/?page_id=1613","og_locale":"sv_SE","og_type":"article","og_title":"HK Instruments &#187; Tekniseri","og_url":"https:\/\/tekniseri.se\/?page_id=1613","og_site_name":"Tekniseri","article_publisher":"https:\/\/www.facebook.com\/tekniseri\/","article_modified_time":"2021-03-12T18:06:28+00:00","twitter_card":"summary_large_image","twitter_misc":{"Ber\u00e4knad l\u00e4stid":"4 minuter"},"schema":{"@context":"https:\/\/schema.org","@graph":[{"@type":"WebPage","@id":"https:\/\/tekniseri.se\/?page_id=1613","url":"https:\/\/tekniseri.se\/?page_id=1613","name":"HK Instruments &#187; Tekniseri","isPartOf":{"@id":"https:\/\/tekniseri.se\/#website"},"datePublished":"2021-03-12T18:06:25+00:00","dateModified":"2021-03-12T18:06:28+00:00","breadcrumb":{"@id":"https:\/\/tekniseri.se\/?page_id=1613#breadcrumb"},"inLanguage":"sv-SE","potentialAction":[{"@type":"ReadAction","target":["https:\/\/tekniseri.se\/?page_id=1613"]}]},{"@type":"BreadcrumbList","@id":"https:\/\/tekniseri.se\/?page_id=1613#breadcrumb","itemListElement":[{"@type":"ListItem","position":1,"name":"Home","item":"https:\/\/tekniseri.se\/"},{"@type":"ListItem","position":2,"name":"Referenser","item":"https:\/\/tekniseri.se\/?page_id=1643"},{"@type":"ListItem","position":3,"name":"HK Instruments"}]},{"@type":"WebSite","@id":"https:\/\/tekniseri.se\/#website","url":"https:\/\/tekniseri.se\/","name":"Tekniseri","description":"","publisher":{"@id":"https:\/\/tekniseri.se\/#organization"},"potentialAction":[{"@type":"SearchAction","target":{"@type":"EntryPoint","urlTemplate":"https:\/\/tekniseri.se\/?s={search_term_string}"},"query-input":{"@type":"PropertyValueSpecification","valueRequired":true,"valueName":"search_term_string"}}],"inLanguage":"sv-SE"},{"@type":"Organization","@id":"https:\/\/tekniseri.se\/#organization","name":"Tekniseri","url":"https:\/\/tekniseri.se\/","logo":{"@type":"ImageObject","inLanguage":"sv-SE","@id":"https:\/\/tekniseri.se\/#\/schema\/logo\/image\/","url":"https:\/\/tekniseri.se\/wp-content\/uploads\/2023\/01\/Tekniseri-Logo-2023.jpg","contentUrl":"https:\/\/tekniseri.se\/wp-content\/uploads\/2023\/01\/Tekniseri-Logo-2023.jpg","width":2422,"height":356,"caption":"Tekniseri"},"image":{"@id":"https:\/\/tekniseri.se\/#\/schema\/logo\/image\/"},"sameAs":["https:\/\/www.facebook.com\/tekniseri\/","https:\/\/linkedin.com\/company\/tekniseri"]}]}},"_links":{"self":[{"href":"https:\/\/tekniseri.se\/index.php?rest_route=\/wp\/v2\/pages\/1613","targetHints":{"allow":["GET"]}}],"collection":[{"href":"https:\/\/tekniseri.se\/index.php?rest_route=\/wp\/v2\/pages"}],"about":[{"href":"https:\/\/tekniseri.se\/index.php?rest_route=\/wp\/v2\/types\/page"}],"author":[{"embeddable":true,"href":"https:\/\/tekniseri.se\/index.php?rest_route=\/wp\/v2\/users\/1"}],"replies":[{"embeddable":true,"href":"https:\/\/tekniseri.se\/index.php?rest_route=%2Fwp%2Fv2%2Fcomments&post=1613"}],"version-history":[{"count":7,"href":"https:\/\/tekniseri.se\/index.php?rest_route=\/wp\/v2\/pages\/1613\/revisions"}],"predecessor-version":[{"id":1622,"href":"https:\/\/tekniseri.se\/index.php?rest_route=\/wp\/v2\/pages\/1613\/revisions\/1622"}],"up":[{"embeddable":true,"href":"https:\/\/tekniseri.se\/index.php?rest_route=\/wp\/v2\/pages\/1643"}],"wp:attachment":[{"href":"https:\/\/tekniseri.se\/index.php?rest_route=%2Fwp%2Fv2%2Fmedia&parent=1613"}],"curies":[{"name":"wp","href":"https:\/\/api.w.org\/{rel}","templated":true}]}}