{"id":1592,"date":"2021-03-11T15:29:07","date_gmt":"2021-03-11T15:29:07","guid":{"rendered":"https:\/\/tekniseri.com\/?page_id=1592"},"modified":"2021-03-11T15:29:11","modified_gmt":"2021-03-11T15:29:11","slug":"molok","status":"publish","type":"page","link":"https:\/\/tekniseri.se\/?page_id=1592","title":{"rendered":"Molok"},"content":{"rendered":"<div class=\"fusion-fullwidth fullwidth-box fusion-builder-row-1 nonhundred-percent-fullwidth non-hundred-percent-height-scrolling\" style=\"--awb-border-radius-top-left:0px;--awb-border-radius-top-right:0px;--awb-border-radius-bottom-right:0px;--awb-border-radius-bottom-left:0px;--awb-flex-wrap:wrap;\" ><div class=\"fusion-builder-row fusion-row\"><div class=\"fusion-layout-column fusion_builder_column fusion-builder-column-0 fusion_builder_column_1_1 1_1 fusion-one-full fusion-column-first fusion-column-last\" style=\"--awb-bg-size:cover;\"><div class=\"fusion-column-wrapper fusion-column-has-shadow fusion-flex-column-wrapper-legacy\"><div class=\"fusion-image-element fusion-image-align-center in-legacy-container\" style=\"text-align:center;--awb-caption-title-font-family:var(--h2_typography-font-family);--awb-caption-title-font-weight:var(--h2_typography-font-weight);--awb-caption-title-font-style:var(--h2_typography-font-style);--awb-caption-title-size:var(--h2_typography-font-size);--awb-caption-title-transform:var(--h2_typography-text-transform);--awb-caption-title-line-height:var(--h2_typography-line-height);--awb-caption-title-letter-spacing:var(--h2_typography-letter-spacing);\"><div class=\"imageframe-align-center\"><span class=\" fusion-imageframe imageframe-none imageframe-1 hover-type-none\"><img decoding=\"async\" width=\"1024\" height=\"683\" title=\"MolokClassic-waste-containers-6561\" src=\"https:\/\/tekniseri.com\/wp-content\/uploads\/2020\/11\/MolokClassic-waste-containers-6561-1-1024x683.png\" alt class=\"img-responsive wp-image-1594\" srcset=\"https:\/\/tekniseri.se\/wp-content\/uploads\/2020\/11\/MolokClassic-waste-containers-6561-1-200x133.png 200w, https:\/\/tekniseri.se\/wp-content\/uploads\/2020\/11\/MolokClassic-waste-containers-6561-1-400x267.png 400w, https:\/\/tekniseri.se\/wp-content\/uploads\/2020\/11\/MolokClassic-waste-containers-6561-1-600x400.png 600w, https:\/\/tekniseri.se\/wp-content\/uploads\/2020\/11\/MolokClassic-waste-containers-6561-1-800x533.png 800w, https:\/\/tekniseri.se\/wp-content\/uploads\/2020\/11\/MolokClassic-waste-containers-6561-1-1200x800.png 1200w, https:\/\/tekniseri.se\/wp-content\/uploads\/2020\/11\/MolokClassic-waste-containers-6561-1.png 3000w\" sizes=\"(max-width: 800px) 100vw, 1024px\" \/><\/span><\/div><\/div><div class=\"fusion-text fusion-text-1\"><h3 style=\"text-align: center\">Djupa insamlingsk\u00e4rl f\u00f6r enkel, hygienisk och milj\u00f6v\u00e4nlig sophantering<\/h3>\n<p style=\"text-align: justify\">Moloks djupa insamlingsmetod innefattar en sopcontainer som \u00e4r vertikal och delvis under markniv\u00e5. Insamlingskapaciteten \u00e4r st\u00f6rre j\u00e4mf\u00f6rt med konventionella sopcontainers. Vikten av det \u00f6versta lagret g\u00f6r att de underliggande soporna blir kompakta, vilket \u00f6kar kapaciteten \u00e4n mer. D\u00e4rut\u00f6ver g\u00f6r den underjordiska kylan att soporna inte luktar och att djur inte kan ta sig in i containern.<\/p>\n<\/div><div class=\"fusion-text fusion-text-2\"><p style=\"text-align: justify\">Molok har blivit ett internationellt f\u00f6retag vars produkter \u00e4r k\u00e4nda v\u00e4rlden \u00f6ver. Tar i beaktande milj\u00f6n och \u00e4r ett kostnads- och tidsbesparande system som dagligen anv\u00e4nds av miljontals m\u00e4nniskor globalt. Produkterna anv\u00e4nds i flera olika boendeformer, med fler \u00e4n 170 000 enheter totalt.<\/p>\n<p style=\"text-align: justify\">Tekniseri \u00e4r Moloks l\u00e5ngvariga samarbetspartner och tillhandah\u00e5ller m\u00e4rkningsplattor i metall f\u00f6r containrarna. M\u00e4rkningsplattors behov \u00e4r ytterst brett, d\u00e5 de beh\u00f6vs v\u00e4rlden \u00f6ver p\u00e5 flera olika spr\u00e5k. Moloks leveranser av plattor kr\u00e4ver precision och snabbhet fr\u00e5n m\u00e4rkningsleverant\u00f6ren, f\u00f6r att det internationella logistikn\u00e4tverket ska fungera problemfritt. Beh\u00e5llarnas varierande installeringsmilj\u00f6 s\u00e4tter h\u00f6ga krav p\u00e5 tryckprodukterna d\u00e5 det kommer till h\u00e5llbarhet och kvalitet.<\/p>\n<p>F\u00f6r att l\u00e4sa mer om Molok, se: <em><a href=\"https:\/\/www.molok.com\/\/\">Molok.com<\/a><\/em>.<\/p>\n<\/div><div class=\"fusion-clearfix\"><\/div><\/div><\/div><\/div><\/div>\n","protected":false},"excerpt":{"rendered":"","protected":false},"author":1,"featured_media":0,"parent":1643,"menu_order":0,"comment_status":"closed","ping_status":"closed","template":"","meta":{"footnotes":""},"class_list":["post-1592","page","type-page","status-publish","hentry"],"yoast_head":"<!-- This site is optimized with the Yoast SEO plugin v27.3 - https:\/\/yoast.com\/product\/yoast-seo-wordpress\/ -->\n<title>Molok &#187; Tekniseri<\/title>\n<meta name=\"robots\" content=\"index, follow, max-snippet:-1, max-image-preview:large, max-video-preview:-1\" \/>\n<link rel=\"canonical\" href=\"https:\/\/tekniseri.se\/?page_id=1592\" \/>\n<meta property=\"og:locale\" content=\"sv_SE\" \/>\n<meta property=\"og:type\" content=\"article\" \/>\n<meta property=\"og:title\" content=\"Molok &#187; Tekniseri\" \/>\n<meta property=\"og:url\" content=\"https:\/\/tekniseri.se\/?page_id=1592\" \/>\n<meta property=\"og:site_name\" content=\"Tekniseri\" \/>\n<meta property=\"article:publisher\" content=\"https:\/\/www.facebook.com\/tekniseri\/\" \/>\n<meta property=\"article:modified_time\" content=\"2021-03-11T15:29:11+00:00\" \/>\n<meta name=\"twitter:card\" content=\"summary_large_image\" \/>\n<meta name=\"twitter:label1\" content=\"Ber\u00e4knad l\u00e4stid\" \/>\n\t<meta name=\"twitter:data1\" content=\"4 minuter\" \/>\n<script type=\"application\/ld+json\" class=\"yoast-schema-graph\">{\"@context\":\"https:\\\/\\\/schema.org\",\"@graph\":[{\"@type\":\"WebPage\",\"@id\":\"https:\\\/\\\/tekniseri.se\\\/?page_id=1592\",\"url\":\"https:\\\/\\\/tekniseri.se\\\/?page_id=1592\",\"name\":\"Molok &#187; Tekniseri\",\"isPartOf\":{\"@id\":\"https:\\\/\\\/tekniseri.se\\\/#website\"},\"datePublished\":\"2021-03-11T15:29:07+00:00\",\"dateModified\":\"2021-03-11T15:29:11+00:00\",\"breadcrumb\":{\"@id\":\"https:\\\/\\\/tekniseri.se\\\/?page_id=1592#breadcrumb\"},\"inLanguage\":\"sv-SE\",\"potentialAction\":[{\"@type\":\"ReadAction\",\"target\":[\"https:\\\/\\\/tekniseri.se\\\/?page_id=1592\"]}]},{\"@type\":\"BreadcrumbList\",\"@id\":\"https:\\\/\\\/tekniseri.se\\\/?page_id=1592#breadcrumb\",\"itemListElement\":[{\"@type\":\"ListItem\",\"position\":1,\"name\":\"Home\",\"item\":\"https:\\\/\\\/tekniseri.se\\\/\"},{\"@type\":\"ListItem\",\"position\":2,\"name\":\"Referenser\",\"item\":\"https:\\\/\\\/tekniseri.se\\\/?page_id=1643\"},{\"@type\":\"ListItem\",\"position\":3,\"name\":\"Molok\"}]},{\"@type\":\"WebSite\",\"@id\":\"https:\\\/\\\/tekniseri.se\\\/#website\",\"url\":\"https:\\\/\\\/tekniseri.se\\\/\",\"name\":\"Tekniseri\",\"description\":\"\",\"publisher\":{\"@id\":\"https:\\\/\\\/tekniseri.se\\\/#organization\"},\"potentialAction\":[{\"@type\":\"SearchAction\",\"target\":{\"@type\":\"EntryPoint\",\"urlTemplate\":\"https:\\\/\\\/tekniseri.se\\\/?s={search_term_string}\"},\"query-input\":{\"@type\":\"PropertyValueSpecification\",\"valueRequired\":true,\"valueName\":\"search_term_string\"}}],\"inLanguage\":\"sv-SE\"},{\"@type\":\"Organization\",\"@id\":\"https:\\\/\\\/tekniseri.se\\\/#organization\",\"name\":\"Tekniseri\",\"url\":\"https:\\\/\\\/tekniseri.se\\\/\",\"logo\":{\"@type\":\"ImageObject\",\"inLanguage\":\"sv-SE\",\"@id\":\"https:\\\/\\\/tekniseri.se\\\/#\\\/schema\\\/logo\\\/image\\\/\",\"url\":\"https:\\\/\\\/tekniseri.se\\\/wp-content\\\/uploads\\\/2023\\\/01\\\/Tekniseri-Logo-2023.jpg\",\"contentUrl\":\"https:\\\/\\\/tekniseri.se\\\/wp-content\\\/uploads\\\/2023\\\/01\\\/Tekniseri-Logo-2023.jpg\",\"width\":2422,\"height\":356,\"caption\":\"Tekniseri\"},\"image\":{\"@id\":\"https:\\\/\\\/tekniseri.se\\\/#\\\/schema\\\/logo\\\/image\\\/\"},\"sameAs\":[\"https:\\\/\\\/www.facebook.com\\\/tekniseri\\\/\",\"https:\\\/\\\/linkedin.com\\\/company\\\/tekniseri\"]}]}<\/script>\n<!-- \/ Yoast SEO plugin. -->","yoast_head_json":{"title":"Molok &#187; Tekniseri","robots":{"index":"index","follow":"follow","max-snippet":"max-snippet:-1","max-image-preview":"max-image-preview:large","max-video-preview":"max-video-preview:-1"},"canonical":"https:\/\/tekniseri.se\/?page_id=1592","og_locale":"sv_SE","og_type":"article","og_title":"Molok &#187; Tekniseri","og_url":"https:\/\/tekniseri.se\/?page_id=1592","og_site_name":"Tekniseri","article_publisher":"https:\/\/www.facebook.com\/tekniseri\/","article_modified_time":"2021-03-11T15:29:11+00:00","twitter_card":"summary_large_image","twitter_misc":{"Ber\u00e4knad l\u00e4stid":"4 minuter"},"schema":{"@context":"https:\/\/schema.org","@graph":[{"@type":"WebPage","@id":"https:\/\/tekniseri.se\/?page_id=1592","url":"https:\/\/tekniseri.se\/?page_id=1592","name":"Molok &#187; Tekniseri","isPartOf":{"@id":"https:\/\/tekniseri.se\/#website"},"datePublished":"2021-03-11T15:29:07+00:00","dateModified":"2021-03-11T15:29:11+00:00","breadcrumb":{"@id":"https:\/\/tekniseri.se\/?page_id=1592#breadcrumb"},"inLanguage":"sv-SE","potentialAction":[{"@type":"ReadAction","target":["https:\/\/tekniseri.se\/?page_id=1592"]}]},{"@type":"BreadcrumbList","@id":"https:\/\/tekniseri.se\/?page_id=1592#breadcrumb","itemListElement":[{"@type":"ListItem","position":1,"name":"Home","item":"https:\/\/tekniseri.se\/"},{"@type":"ListItem","position":2,"name":"Referenser","item":"https:\/\/tekniseri.se\/?page_id=1643"},{"@type":"ListItem","position":3,"name":"Molok"}]},{"@type":"WebSite","@id":"https:\/\/tekniseri.se\/#website","url":"https:\/\/tekniseri.se\/","name":"Tekniseri","description":"","publisher":{"@id":"https:\/\/tekniseri.se\/#organization"},"potentialAction":[{"@type":"SearchAction","target":{"@type":"EntryPoint","urlTemplate":"https:\/\/tekniseri.se\/?s={search_term_string}"},"query-input":{"@type":"PropertyValueSpecification","valueRequired":true,"valueName":"search_term_string"}}],"inLanguage":"sv-SE"},{"@type":"Organization","@id":"https:\/\/tekniseri.se\/#organization","name":"Tekniseri","url":"https:\/\/tekniseri.se\/","logo":{"@type":"ImageObject","inLanguage":"sv-SE","@id":"https:\/\/tekniseri.se\/#\/schema\/logo\/image\/","url":"https:\/\/tekniseri.se\/wp-content\/uploads\/2023\/01\/Tekniseri-Logo-2023.jpg","contentUrl":"https:\/\/tekniseri.se\/wp-content\/uploads\/2023\/01\/Tekniseri-Logo-2023.jpg","width":2422,"height":356,"caption":"Tekniseri"},"image":{"@id":"https:\/\/tekniseri.se\/#\/schema\/logo\/image\/"},"sameAs":["https:\/\/www.facebook.com\/tekniseri\/","https:\/\/linkedin.com\/company\/tekniseri"]}]}},"_links":{"self":[{"href":"https:\/\/tekniseri.se\/index.php?rest_route=\/wp\/v2\/pages\/1592","targetHints":{"allow":["GET"]}}],"collection":[{"href":"https:\/\/tekniseri.se\/index.php?rest_route=\/wp\/v2\/pages"}],"about":[{"href":"https:\/\/tekniseri.se\/index.php?rest_route=\/wp\/v2\/types\/page"}],"author":[{"embeddable":true,"href":"https:\/\/tekniseri.se\/index.php?rest_route=\/wp\/v2\/users\/1"}],"replies":[{"embeddable":true,"href":"https:\/\/tekniseri.se\/index.php?rest_route=%2Fwp%2Fv2%2Fcomments&post=1592"}],"version-history":[{"count":7,"href":"https:\/\/tekniseri.se\/index.php?rest_route=\/wp\/v2\/pages\/1592\/revisions"}],"predecessor-version":[{"id":1601,"href":"https:\/\/tekniseri.se\/index.php?rest_route=\/wp\/v2\/pages\/1592\/revisions\/1601"}],"up":[{"embeddable":true,"href":"https:\/\/tekniseri.se\/index.php?rest_route=\/wp\/v2\/pages\/1643"}],"wp:attachment":[{"href":"https:\/\/tekniseri.se\/index.php?rest_route=%2Fwp%2Fv2%2Fmedia&parent=1592"}],"curies":[{"name":"wp","href":"https:\/\/api.w.org\/{rel}","templated":true}]}}