{"id":1586,"date":"2021-03-11T15:25:47","date_gmt":"2021-03-11T15:25:47","guid":{"rendered":"https:\/\/tekniseri.com\/?page_id=1586"},"modified":"2021-03-11T15:25:49","modified_gmt":"2021-03-11T15:25:49","slug":"tekniseri-som-foretag","status":"publish","type":"page","link":"https:\/\/tekniseri.se\/?page_id=1586","title":{"rendered":"Tekniseri som f\u00f6retag"},"content":{"rendered":"<div class=\"fusion-fullwidth fullwidth-box fusion-builder-row-1 nonhundred-percent-fullwidth non-hundred-percent-height-scrolling\" style=\"--awb-border-radius-top-left:0px;--awb-border-radius-top-right:0px;--awb-border-radius-bottom-right:0px;--awb-border-radius-bottom-left:0px;--awb-flex-wrap:wrap;\" ><div class=\"fusion-builder-row fusion-row\"><div class=\"fusion-layout-column fusion_builder_column fusion-builder-column-0 fusion_builder_column_1_1 1_1 fusion-one-full fusion-column-first fusion-column-last\" style=\"--awb-bg-size:cover;\"><div class=\"fusion-column-wrapper fusion-column-has-shadow fusion-flex-column-wrapper-legacy\"><div class=\"fusion-text fusion-text-1\"><h3 style=\"text-align: center;\">Tekniseri som f\u00f6retag<\/h3>\n<p style=\"text-align: justify;\">Tekniseri grundades \u00e5r 1985. F\u00f6retaget inom industriellt tryck registrerades d\u00e5 i Finland, betj\u00e4nande industriella globala storf\u00f6retag s\u00e5som ABB, Ericsson och Nokia. Sedan dess har Tekniseri betj\u00e4nat sina kunder inom industriella sektorer med grafiska produkter, och d\u00e4rmed hj\u00e4lpt kunderna med grafisk design och produkttillverkningsprocesser. F\u00f6retaget har genomg\u00e5tt b\u00e5de fusioner och f\u00f6rv\u00e4rv genom \u00e5ren, genom uppk\u00f6p av flertalet f\u00f6retag. Tidigare f\u00f6retag s\u00e5som CAD-Seri Oy, Seri-Teksti, Lisa-Print, Seritoimi, Eloksointi Oy, Moniseri, Scanfil Mekaniikkapaino och Galvano hade en kundbas som idag betj\u00e4nas under Tekniseris varum\u00e4rke idag. Dagens s\u00e4tt att g\u00f6ra business \u2013 att betj\u00e4na industriella kunder med h\u00f6g efterfr\u00e5gan p\u00e5 kvalitet och p\u00e5litlighet \u2013 har utvecklats genom tiotals \u00e5rs erfarenhet inom industriellt tryck.<\/p>\n<\/div><div class=\"fusion-text fusion-text-2\"><p style=\"text-align: justify;\">Tekniseris k\u00e4rnstrategi \u00e4r att g\u00f6ra det s\u00e5 enkelt och effektivt som m\u00f6jligt f\u00f6r ett industriellt f\u00f6retag att tillfredsst\u00e4lla dess m\u00e4rknings- och isoleringsproduktbehov. Tj\u00e4nstekonceptets m\u00e5l \u00e4r att utveckla ett partnerskap med kunden och ut\u00f6ka samarbetet genom att erbjuda kunden alla m\u00e4rknings- och isoleringsl\u00f6sningar och tj\u00e4nster fr\u00e5n en och samma leverant\u00f6r. Denna strategi har lett oss till att ut\u00f6ka v\u00e5ra m\u00e4rkningsprodukter och portf\u00f6lj av tryckt grafik f\u00f6r att innefatta \u00e4ven isoleringsl\u00f6sningar. Idag betj\u00e4nar Tekniseri kunder genom v\u00e5ra fyra anl\u00e4ggningar: produktionsenheter i Kempele och Bj\u00f6rneborg samt Suzhou i Kina, och f\u00f6rs\u00e4ljningskontor i Esbo.<\/p>\n<p style=\"text-align: justify;\">Tekniseri i Kempele \u00e4r den st\u00f6rsta produktionsenheten, genom dess tv\u00e5 fabriker som fokuserar p\u00e5 tryck och formgivning av frontpaneler och isoleringsprodukter.<\/p>\n<\/div><div class=\"fusion-image-element fusion-image-align-center in-legacy-container\" style=\"text-align:center;--awb-caption-title-font-family:var(--h2_typography-font-family);--awb-caption-title-font-weight:var(--h2_typography-font-weight);--awb-caption-title-font-style:var(--h2_typography-font-style);--awb-caption-title-size:var(--h2_typography-font-size);--awb-caption-title-transform:var(--h2_typography-text-transform);--awb-caption-title-line-height:var(--h2_typography-line-height);--awb-caption-title-letter-spacing:var(--h2_typography-letter-spacing);\"><div class=\"imageframe-align-center\"><span class=\" fusion-imageframe imageframe-none imageframe-1 hover-type-none\"><img decoding=\"async\" width=\"2432\" height=\"1445\" title=\"IMG_3769\" src=\"https:\/\/tekniseri.com\/wp-content\/uploads\/2020\/07\/IMG_3769-scaled-e1594984922176.jpg\" alt class=\"img-responsive wp-image-1587\" srcset=\"https:\/\/tekniseri.se\/wp-content\/uploads\/2020\/07\/IMG_3769-scaled-e1594984922176-200x119.jpg 200w, https:\/\/tekniseri.se\/wp-content\/uploads\/2020\/07\/IMG_3769-scaled-e1594984922176-400x238.jpg 400w, https:\/\/tekniseri.se\/wp-content\/uploads\/2020\/07\/IMG_3769-scaled-e1594984922176-600x356.jpg 600w, https:\/\/tekniseri.se\/wp-content\/uploads\/2020\/07\/IMG_3769-scaled-e1594984922176-800x475.jpg 800w, https:\/\/tekniseri.se\/wp-content\/uploads\/2020\/07\/IMG_3769-scaled-e1594984922176-1200x713.jpg 1200w, https:\/\/tekniseri.se\/wp-content\/uploads\/2020\/07\/IMG_3769-scaled-e1594984922176.jpg 2432w\" sizes=\"(max-width: 800px) 100vw, 2432px\" \/><\/span><\/div><\/div><div class=\"fusion-text fusion-text-3\"><p style=\"text-align: justify;\">Tekniseri teamet framf\u00f6r den huvudsakliga fabriken i Kempele.<\/p>\n<p style=\"text-align: justify;\">Tekniseris Bj\u00f6rneborgs-enhet fokuserar p\u00e5 tryck och formgivning f\u00f6r metallprodukter.<\/p>\n<\/div><div class=\"fusion-image-element fusion-image-align-center in-legacy-container\" style=\"text-align:center;--awb-caption-title-font-family:var(--h2_typography-font-family);--awb-caption-title-font-weight:var(--h2_typography-font-weight);--awb-caption-title-font-style:var(--h2_typography-font-style);--awb-caption-title-size:var(--h2_typography-font-size);--awb-caption-title-transform:var(--h2_typography-text-transform);--awb-caption-title-line-height:var(--h2_typography-line-height);--awb-caption-title-letter-spacing:var(--h2_typography-letter-spacing);\"><div class=\"imageframe-align-center\"><span class=\" fusion-imageframe imageframe-none imageframe-2 hover-type-none\"><img decoding=\"async\" width=\"2560\" height=\"1491\" title=\"IMG_0453\" src=\"https:\/\/tekniseri.com\/wp-content\/uploads\/2020\/07\/IMG_0453-scaled-e1594989603888.jpg\" alt class=\"img-responsive wp-image-1588\" srcset=\"https:\/\/tekniseri.se\/wp-content\/uploads\/2020\/07\/IMG_0453-scaled-e1594989603888-200x116.jpg 200w, https:\/\/tekniseri.se\/wp-content\/uploads\/2020\/07\/IMG_0453-scaled-e1594989603888-400x233.jpg 400w, https:\/\/tekniseri.se\/wp-content\/uploads\/2020\/07\/IMG_0453-scaled-e1594989603888-600x349.jpg 600w, https:\/\/tekniseri.se\/wp-content\/uploads\/2020\/07\/IMG_0453-scaled-e1594989603888-800x466.jpg 800w, https:\/\/tekniseri.se\/wp-content\/uploads\/2020\/07\/IMG_0453-scaled-e1594989603888-1200x699.jpg 1200w, https:\/\/tekniseri.se\/wp-content\/uploads\/2020\/07\/IMG_0453-scaled-e1594989603888.jpg 2560w\" sizes=\"(max-width: 800px) 100vw, 2560px\" \/><\/span><\/div><\/div><div class=\"fusion-text fusion-text-4\"><p style=\"text-align: justify;\"><span data-contrast=\"auto\">Tekniseri teamet i Bj\u00f6rneborg<\/span><\/p>\n<p style=\"text-align: justify;\"><span data-contrast=\"auto\">Tekniseri Suzhous verksamhet i Kina b\u00f6rjade 2010, m\u00e5let var d\u00e5 att betj\u00e4na internationella industriella f\u00f6retag i behov av samma serviceniv\u00e5, snabb responstid, p\u00e5litlighet och flexibilitet f\u00f6r deras asiatiska verksamhet, p\u00e5 samma niv\u00e5 som i Europa. Verksamheten och kundbasen i Kina har vuxit stabilt varje \u00e5r. Idag betj\u00e4nar Tekniseri en bred kundbas i Kina och Asien.<\/span><\/p>\n<\/div><div class=\"fusion-image-element in-legacy-container\" style=\"--awb-caption-title-font-family:var(--h2_typography-font-family);--awb-caption-title-font-weight:var(--h2_typography-font-weight);--awb-caption-title-font-style:var(--h2_typography-font-style);--awb-caption-title-size:var(--h2_typography-font-size);--awb-caption-title-transform:var(--h2_typography-text-transform);--awb-caption-title-line-height:var(--h2_typography-line-height);--awb-caption-title-letter-spacing:var(--h2_typography-letter-spacing);\"><span class=\" fusion-imageframe imageframe-none imageframe-3 hover-type-none\"><img decoding=\"async\" width=\"2560\" height=\"1548\" title=\"rpt\" src=\"https:\/\/tekniseri.com\/wp-content\/uploads\/2020\/07\/IMG_20200714_101109-scaled-e1595232363667.jpg\" alt class=\"img-responsive wp-image-1589\" srcset=\"https:\/\/tekniseri.se\/wp-content\/uploads\/2020\/07\/IMG_20200714_101109-scaled-e1595232363667-200x121.jpg 200w, https:\/\/tekniseri.se\/wp-content\/uploads\/2020\/07\/IMG_20200714_101109-scaled-e1595232363667-400x242.jpg 400w, https:\/\/tekniseri.se\/wp-content\/uploads\/2020\/07\/IMG_20200714_101109-scaled-e1595232363667-600x363.jpg 600w, https:\/\/tekniseri.se\/wp-content\/uploads\/2020\/07\/IMG_20200714_101109-scaled-e1595232363667-800x484.jpg 800w, https:\/\/tekniseri.se\/wp-content\/uploads\/2020\/07\/IMG_20200714_101109-scaled-e1595232363667-1200x726.jpg 1200w, https:\/\/tekniseri.se\/wp-content\/uploads\/2020\/07\/IMG_20200714_101109-scaled-e1595232363667.jpg 2560w\" sizes=\"(max-width: 800px) 100vw, 2560px\" \/><\/span><\/div><div class=\"fusion-text fusion-text-5\"><p>Tekniseri-teamet i Suzhou, Kina<\/p>\n<\/div><div class=\"fusion-clearfix\"><\/div><\/div><\/div><\/div><\/div>\n","protected":false},"excerpt":{"rendered":"","protected":false},"author":1,"featured_media":0,"parent":0,"menu_order":0,"comment_status":"closed","ping_status":"closed","template":"","meta":{"footnotes":""},"class_list":["post-1586","page","type-page","status-publish","hentry"],"yoast_head":"<!-- This site is optimized with the Yoast SEO plugin v27.3 - https:\/\/yoast.com\/product\/yoast-seo-wordpress\/ -->\n<title>Tekniseri som f\u00f6retag &#187; Tekniseri<\/title>\n<meta name=\"robots\" content=\"index, follow, max-snippet:-1, max-image-preview:large, max-video-preview:-1\" \/>\n<link rel=\"canonical\" href=\"https:\/\/tekniseri.se\/?page_id=1586\" \/>\n<meta property=\"og:locale\" content=\"sv_SE\" \/>\n<meta property=\"og:type\" content=\"article\" \/>\n<meta property=\"og:title\" content=\"Tekniseri som f\u00f6retag &#187; Tekniseri\" \/>\n<meta property=\"og:url\" content=\"https:\/\/tekniseri.se\/?page_id=1586\" \/>\n<meta property=\"og:site_name\" content=\"Tekniseri\" \/>\n<meta property=\"article:publisher\" content=\"https:\/\/www.facebook.com\/tekniseri\/\" \/>\n<meta property=\"article:modified_time\" content=\"2021-03-11T15:25:49+00:00\" \/>\n<meta name=\"twitter:card\" content=\"summary_large_image\" \/>\n<meta name=\"twitter:label1\" content=\"Ber\u00e4knad l\u00e4stid\" \/>\n\t<meta name=\"twitter:data1\" content=\"6 minuter\" \/>\n<script type=\"application\/ld+json\" class=\"yoast-schema-graph\">{\"@context\":\"https:\\\/\\\/schema.org\",\"@graph\":[{\"@type\":\"WebPage\",\"@id\":\"https:\\\/\\\/tekniseri.se\\\/?page_id=1586\",\"url\":\"https:\\\/\\\/tekniseri.se\\\/?page_id=1586\",\"name\":\"Tekniseri som f\u00f6retag &#187; Tekniseri\",\"isPartOf\":{\"@id\":\"https:\\\/\\\/tekniseri.se\\\/#website\"},\"datePublished\":\"2021-03-11T15:25:47+00:00\",\"dateModified\":\"2021-03-11T15:25:49+00:00\",\"breadcrumb\":{\"@id\":\"https:\\\/\\\/tekniseri.se\\\/?page_id=1586#breadcrumb\"},\"inLanguage\":\"sv-SE\",\"potentialAction\":[{\"@type\":\"ReadAction\",\"target\":[\"https:\\\/\\\/tekniseri.se\\\/?page_id=1586\"]}]},{\"@type\":\"BreadcrumbList\",\"@id\":\"https:\\\/\\\/tekniseri.se\\\/?page_id=1586#breadcrumb\",\"itemListElement\":[{\"@type\":\"ListItem\",\"position\":1,\"name\":\"Home\",\"item\":\"https:\\\/\\\/tekniseri.se\\\/\"},{\"@type\":\"ListItem\",\"position\":2,\"name\":\"Tekniseri som f\u00f6retag\"}]},{\"@type\":\"WebSite\",\"@id\":\"https:\\\/\\\/tekniseri.se\\\/#website\",\"url\":\"https:\\\/\\\/tekniseri.se\\\/\",\"name\":\"Tekniseri\",\"description\":\"\",\"publisher\":{\"@id\":\"https:\\\/\\\/tekniseri.se\\\/#organization\"},\"potentialAction\":[{\"@type\":\"SearchAction\",\"target\":{\"@type\":\"EntryPoint\",\"urlTemplate\":\"https:\\\/\\\/tekniseri.se\\\/?s={search_term_string}\"},\"query-input\":{\"@type\":\"PropertyValueSpecification\",\"valueRequired\":true,\"valueName\":\"search_term_string\"}}],\"inLanguage\":\"sv-SE\"},{\"@type\":\"Organization\",\"@id\":\"https:\\\/\\\/tekniseri.se\\\/#organization\",\"name\":\"Tekniseri\",\"url\":\"https:\\\/\\\/tekniseri.se\\\/\",\"logo\":{\"@type\":\"ImageObject\",\"inLanguage\":\"sv-SE\",\"@id\":\"https:\\\/\\\/tekniseri.se\\\/#\\\/schema\\\/logo\\\/image\\\/\",\"url\":\"https:\\\/\\\/tekniseri.se\\\/wp-content\\\/uploads\\\/2023\\\/01\\\/Tekniseri-Logo-2023.jpg\",\"contentUrl\":\"https:\\\/\\\/tekniseri.se\\\/wp-content\\\/uploads\\\/2023\\\/01\\\/Tekniseri-Logo-2023.jpg\",\"width\":2422,\"height\":356,\"caption\":\"Tekniseri\"},\"image\":{\"@id\":\"https:\\\/\\\/tekniseri.se\\\/#\\\/schema\\\/logo\\\/image\\\/\"},\"sameAs\":[\"https:\\\/\\\/www.facebook.com\\\/tekniseri\\\/\",\"https:\\\/\\\/linkedin.com\\\/company\\\/tekniseri\"]}]}<\/script>\n<!-- \/ Yoast SEO plugin. -->","yoast_head_json":{"title":"Tekniseri som f\u00f6retag &#187; Tekniseri","robots":{"index":"index","follow":"follow","max-snippet":"max-snippet:-1","max-image-preview":"max-image-preview:large","max-video-preview":"max-video-preview:-1"},"canonical":"https:\/\/tekniseri.se\/?page_id=1586","og_locale":"sv_SE","og_type":"article","og_title":"Tekniseri som f\u00f6retag &#187; Tekniseri","og_url":"https:\/\/tekniseri.se\/?page_id=1586","og_site_name":"Tekniseri","article_publisher":"https:\/\/www.facebook.com\/tekniseri\/","article_modified_time":"2021-03-11T15:25:49+00:00","twitter_card":"summary_large_image","twitter_misc":{"Ber\u00e4knad l\u00e4stid":"6 minuter"},"schema":{"@context":"https:\/\/schema.org","@graph":[{"@type":"WebPage","@id":"https:\/\/tekniseri.se\/?page_id=1586","url":"https:\/\/tekniseri.se\/?page_id=1586","name":"Tekniseri som f\u00f6retag &#187; Tekniseri","isPartOf":{"@id":"https:\/\/tekniseri.se\/#website"},"datePublished":"2021-03-11T15:25:47+00:00","dateModified":"2021-03-11T15:25:49+00:00","breadcrumb":{"@id":"https:\/\/tekniseri.se\/?page_id=1586#breadcrumb"},"inLanguage":"sv-SE","potentialAction":[{"@type":"ReadAction","target":["https:\/\/tekniseri.se\/?page_id=1586"]}]},{"@type":"BreadcrumbList","@id":"https:\/\/tekniseri.se\/?page_id=1586#breadcrumb","itemListElement":[{"@type":"ListItem","position":1,"name":"Home","item":"https:\/\/tekniseri.se\/"},{"@type":"ListItem","position":2,"name":"Tekniseri som f\u00f6retag"}]},{"@type":"WebSite","@id":"https:\/\/tekniseri.se\/#website","url":"https:\/\/tekniseri.se\/","name":"Tekniseri","description":"","publisher":{"@id":"https:\/\/tekniseri.se\/#organization"},"potentialAction":[{"@type":"SearchAction","target":{"@type":"EntryPoint","urlTemplate":"https:\/\/tekniseri.se\/?s={search_term_string}"},"query-input":{"@type":"PropertyValueSpecification","valueRequired":true,"valueName":"search_term_string"}}],"inLanguage":"sv-SE"},{"@type":"Organization","@id":"https:\/\/tekniseri.se\/#organization","name":"Tekniseri","url":"https:\/\/tekniseri.se\/","logo":{"@type":"ImageObject","inLanguage":"sv-SE","@id":"https:\/\/tekniseri.se\/#\/schema\/logo\/image\/","url":"https:\/\/tekniseri.se\/wp-content\/uploads\/2023\/01\/Tekniseri-Logo-2023.jpg","contentUrl":"https:\/\/tekniseri.se\/wp-content\/uploads\/2023\/01\/Tekniseri-Logo-2023.jpg","width":2422,"height":356,"caption":"Tekniseri"},"image":{"@id":"https:\/\/tekniseri.se\/#\/schema\/logo\/image\/"},"sameAs":["https:\/\/www.facebook.com\/tekniseri\/","https:\/\/linkedin.com\/company\/tekniseri"]}]}},"_links":{"self":[{"href":"https:\/\/tekniseri.se\/index.php?rest_route=\/wp\/v2\/pages\/1586","targetHints":{"allow":["GET"]}}],"collection":[{"href":"https:\/\/tekniseri.se\/index.php?rest_route=\/wp\/v2\/pages"}],"about":[{"href":"https:\/\/tekniseri.se\/index.php?rest_route=\/wp\/v2\/types\/page"}],"author":[{"embeddable":true,"href":"https:\/\/tekniseri.se\/index.php?rest_route=\/wp\/v2\/users\/1"}],"replies":[{"embeddable":true,"href":"https:\/\/tekniseri.se\/index.php?rest_route=%2Fwp%2Fv2%2Fcomments&post=1586"}],"version-history":[{"count":2,"href":"https:\/\/tekniseri.se\/index.php?rest_route=\/wp\/v2\/pages\/1586\/revisions"}],"predecessor-version":[{"id":1591,"href":"https:\/\/tekniseri.se\/index.php?rest_route=\/wp\/v2\/pages\/1586\/revisions\/1591"}],"wp:attachment":[{"href":"https:\/\/tekniseri.se\/index.php?rest_route=%2Fwp%2Fv2%2Fmedia&parent=1586"}],"curies":[{"name":"wp","href":"https:\/\/api.w.org\/{rel}","templated":true}]}}