{"id":1529,"date":"2021-02-28T21:10:36","date_gmt":"2021-02-28T21:10:36","guid":{"rendered":"https:\/\/tekniseri.com\/?page_id=1529"},"modified":"2022-09-28T21:08:12","modified_gmt":"2022-09-28T21:08:12","slug":"tryckt-elektronik","status":"publish","type":"page","link":"https:\/\/tekniseri.se\/?page_id=1529","title":{"rendered":"Tryckt elektronik"},"content":{"rendered":"<div class=\"fusion-fullwidth fullwidth-box fusion-builder-row-1 nonhundred-percent-fullwidth non-hundred-percent-height-scrolling\" style=\"--awb-border-radius-top-left:0px;--awb-border-radius-top-right:0px;--awb-border-radius-bottom-right:0px;--awb-border-radius-bottom-left:0px;--awb-padding-left:10%;--awb-flex-wrap:wrap;\" ><div class=\"fusion-builder-row fusion-row\"><div class=\"fusion-layout-column fusion_builder_column fusion-builder-column-0 fusion_builder_column_1_1 1_1 fusion-one-full fusion-column-first fusion-column-last\" style=\"--awb-bg-size:cover;\"><div class=\"fusion-column-wrapper fusion-column-has-shadow fusion-flex-column-wrapper-legacy\"><div class=\"fusion-image-element fusion-image-align-center in-legacy-container\" style=\"text-align:center;--awb-caption-title-font-family:var(--h2_typography-font-family);--awb-caption-title-font-weight:var(--h2_typography-font-weight);--awb-caption-title-font-style:var(--h2_typography-font-style);--awb-caption-title-size:var(--h2_typography-font-size);--awb-caption-title-transform:var(--h2_typography-text-transform);--awb-caption-title-line-height:var(--h2_typography-line-height);--awb-caption-title-letter-spacing:var(--h2_typography-letter-spacing);\"><div class=\"imageframe-align-center\"><span class=\" fusion-imageframe imageframe-none imageframe-1 hover-type-none\"><img decoding=\"async\" width=\"1024\" height=\"683\" title=\"IMG_3527\" src=\"https:\/\/tekniseri.com\/wp-content\/uploads\/2020\/06\/IMG_3527-1024x683.png\" alt class=\"img-responsive wp-image-1532\" srcset=\"https:\/\/tekniseri.se\/wp-content\/uploads\/2020\/06\/IMG_3527-200x133.png 200w, https:\/\/tekniseri.se\/wp-content\/uploads\/2020\/06\/IMG_3527-400x267.png 400w, https:\/\/tekniseri.se\/wp-content\/uploads\/2020\/06\/IMG_3527-600x400.png 600w, https:\/\/tekniseri.se\/wp-content\/uploads\/2020\/06\/IMG_3527-800x533.png 800w, https:\/\/tekniseri.se\/wp-content\/uploads\/2020\/06\/IMG_3527-1200x800.png 1200w, https:\/\/tekniseri.se\/wp-content\/uploads\/2020\/06\/IMG_3527.png 5184w\" sizes=\"(max-width: 800px) 100vw, 1024px\" \/><\/span><\/div><\/div><div class=\"fusion-text fusion-text-1\"><h2 style=\"text-align: center;\">Tryckt elektronik<\/h2>\n<p style=\"text-align: justify;\">Med tryckt elektronik (eng. \u201dPrinted electronics\u201d) menas teknologi som m\u00f6jligg\u00f6r tryck p\u00e5 elektriska kretskort och ofta tunna och b\u00f6jda elektroniska komponenter, genom olika trycktekniska metoder. Tekniseri har kunder som anv\u00e4nder denna teknologi f\u00f6r flera till\u00e4mpningar, d\u00e4r huvudprodukten \u00e4r membranpaneler. D\u00e4rut\u00f6ver, har sensorer och v\u00e4rmeelement implementerats genom att anv\u00e4nda tryckt elektronik-teknologi. Nya till\u00e4mpningsomr\u00e5den hittas kontinuerligt d\u00e5 substrat och tryckt material blir allt tunnare, l\u00e4ttare och tillr\u00e4ckligt flexibla f\u00f6r att kunna integreras i flera produktionslinjer.<\/p>\n<\/div><div class=\"fusion-menu-anchor\" id=\"membraneswitches\"><\/div><div class=\"fusion-image-element fusion-image-align-center in-legacy-container\" style=\"text-align:center;--awb-caption-title-font-family:var(--h2_typography-font-family);--awb-caption-title-font-weight:var(--h2_typography-font-weight);--awb-caption-title-font-style:var(--h2_typography-font-style);--awb-caption-title-size:var(--h2_typography-font-size);--awb-caption-title-transform:var(--h2_typography-text-transform);--awb-caption-title-line-height:var(--h2_typography-line-height);--awb-caption-title-letter-spacing:var(--h2_typography-letter-spacing);\"><div class=\"imageframe-align-center\"><span class=\" fusion-imageframe imageframe-none imageframe-2 hover-type-none\"><img decoding=\"async\" width=\"1024\" height=\"683\" title=\"IMG_3306\" src=\"https:\/\/tekniseri.com\/wp-content\/uploads\/2020\/06\/IMG_3306-1024x683.png\" alt class=\"img-responsive wp-image-1656\" srcset=\"https:\/\/tekniseri.se\/wp-content\/uploads\/2020\/06\/IMG_3306-200x133.png 200w, https:\/\/tekniseri.se\/wp-content\/uploads\/2020\/06\/IMG_3306-400x267.png 400w, https:\/\/tekniseri.se\/wp-content\/uploads\/2020\/06\/IMG_3306-600x400.png 600w, https:\/\/tekniseri.se\/wp-content\/uploads\/2020\/06\/IMG_3306-800x533.png 800w, https:\/\/tekniseri.se\/wp-content\/uploads\/2020\/06\/IMG_3306-1200x800.png 1200w, https:\/\/tekniseri.se\/wp-content\/uploads\/2020\/06\/IMG_3306.png 5184w\" sizes=\"(max-width: 800px) 100vw, 1024px\" \/><\/span><\/div><\/div><div class=\"fusion-text fusion-text-2\"><h3 style=\"text-align: center;\">Membranpanel och kontrollpaneler<\/h3>\n<p style=\"text-align: justify;\">Membranpanel \u00e4r kontrollpaneler som tillverkas av tunn plastfilm vid anv\u00e4ndning av tryckteknologi. De anv\u00e4nds i l\u00e5gvolts- och str\u00f6mtill\u00e4mpningar. Membranpanel installeras vanligtvis i kretskort. En membranpanel \u00e4r p\u00e5litlig och enkel att designa f\u00f6r att g\u00f6ras b\u00e5de visuellt och funktionellt passande som slutlig produkt.<\/p>\n<p style=\"text-align: justify;\">Omkopplaren kan produceras direkt integrerad med plastfilmen, eller s\u00e5 kan kopplingen ske genom en separat knapp. N\u00e4r man anv\u00e4nder en annan knapp, s\u00e5 k\u00e4nner anv\u00e4ndaren detsamma som ifall hen anv\u00e4nde en mekanisk knapp. F\u00f6nster och sk\u00e4rmar och specialeffekter s\u00e5som pr\u00e4gling och gjutning kan \u00e4ven till\u00e4ggas till membranpanelens yta.<\/p>\n<p style=\"text-align: justify;\">Membranpanelerna \u00e4r st\u00e4nk- och dammfria, samt \u00e4ven skyddade mot andra externa faktorer som kunde skada enheten.<\/p>\n<\/div><div class=\"fusion-image-element fusion-image-align-center in-legacy-container\" style=\"text-align:center;--awb-caption-title-font-family:var(--h2_typography-font-family);--awb-caption-title-font-weight:var(--h2_typography-font-weight);--awb-caption-title-font-style:var(--h2_typography-font-style);--awb-caption-title-size:var(--h2_typography-font-size);--awb-caption-title-transform:var(--h2_typography-text-transform);--awb-caption-title-line-height:var(--h2_typography-line-height);--awb-caption-title-letter-spacing:var(--h2_typography-letter-spacing);\"><div class=\"imageframe-align-center\"><span class=\" fusion-imageframe imageframe-none imageframe-3 hover-type-none\"><img decoding=\"async\" width=\"1024\" height=\"576\" title=\"Slide1\" src=\"https:\/\/tekniseri.com\/wp-content\/uploads\/2020\/06\/Slide1-1024x576.jpg\" alt class=\"img-responsive wp-image-1530\" srcset=\"https:\/\/tekniseri.se\/wp-content\/uploads\/2020\/06\/Slide1-200x113.jpg 200w, https:\/\/tekniseri.se\/wp-content\/uploads\/2020\/06\/Slide1-400x225.jpg 400w, https:\/\/tekniseri.se\/wp-content\/uploads\/2020\/06\/Slide1-600x338.jpg 600w, https:\/\/tekniseri.se\/wp-content\/uploads\/2020\/06\/Slide1-800x450.jpg 800w, https:\/\/tekniseri.se\/wp-content\/uploads\/2020\/06\/Slide1-1200x675.jpg 1200w, https:\/\/tekniseri.se\/wp-content\/uploads\/2020\/06\/Slide1.jpg 1280w\" sizes=\"(max-width: 800px) 100vw, 1024px\" \/><\/span><\/div><\/div><div class=\"fusion-menu-anchor\" id=\"printedsensors\"><\/div><div class=\"fusion-image-element fusion-image-align-center in-legacy-container\" style=\"text-align:center;--awb-caption-title-font-family:var(--h2_typography-font-family);--awb-caption-title-font-weight:var(--h2_typography-font-weight);--awb-caption-title-font-style:var(--h2_typography-font-style);--awb-caption-title-size:var(--h2_typography-font-size);--awb-caption-title-transform:var(--h2_typography-text-transform);--awb-caption-title-line-height:var(--h2_typography-line-height);--awb-caption-title-letter-spacing:var(--h2_typography-letter-spacing);\"><div class=\"imageframe-align-center\"><span class=\" fusion-imageframe imageframe-none imageframe-4 hover-type-none\"><img decoding=\"async\" width=\"1024\" height=\"541\" title=\"rfid_123\" src=\"https:\/\/tekniseri.com\/wp-content\/uploads\/2020\/06\/rfid_123-1024x541.png\" alt class=\"img-responsive wp-image-1534\" srcset=\"https:\/\/tekniseri.se\/wp-content\/uploads\/2020\/06\/rfid_123-200x106.png 200w, https:\/\/tekniseri.se\/wp-content\/uploads\/2020\/06\/rfid_123-400x211.png 400w, https:\/\/tekniseri.se\/wp-content\/uploads\/2020\/06\/rfid_123-600x317.png 600w, https:\/\/tekniseri.se\/wp-content\/uploads\/2020\/06\/rfid_123-800x423.png 800w, https:\/\/tekniseri.se\/wp-content\/uploads\/2020\/06\/rfid_123-1200x634.png 1200w, https:\/\/tekniseri.se\/wp-content\/uploads\/2020\/06\/rfid_123.png 1600w\" sizes=\"(max-width: 800px) 100vw, 1024px\" \/><\/span><\/div><\/div><div class=\"fusion-text fusion-text-3\"><h3 style=\"text-align: center;\">Tryckta sensorer, antenner och kretskort<\/h3>\n<p style=\"text-align: justify;\">RFID (radio frequency identification) teknologi m\u00f6jligg\u00f6r identifiering av objekt fr\u00e5n l\u00e5ngt avst\u00e5nd och vid d\u00e5lig sikt. RFID-taggen kommunicerar med l\u00e4saren via radiosignaler genom antenner som anv\u00e4nder sig av elektromagnetiska eller induktiva kopplingar. Taggarna best\u00e5r av antenner och IC (Integrated Circuit) chip som monterats p\u00e5 ett underlag.<\/p>\n<\/div><div class=\"fusion-menu-anchor\" id=\"heatingelements\"><\/div><div class=\"fusion-image-element fusion-image-align-center in-legacy-container\" style=\"text-align:center;--awb-caption-title-font-family:var(--h2_typography-font-family);--awb-caption-title-font-weight:var(--h2_typography-font-weight);--awb-caption-title-font-style:var(--h2_typography-font-style);--awb-caption-title-size:var(--h2_typography-font-size);--awb-caption-title-transform:var(--h2_typography-text-transform);--awb-caption-title-line-height:var(--h2_typography-line-height);--awb-caption-title-letter-spacing:var(--h2_typography-letter-spacing);\"><div class=\"imageframe-align-center\"><span class=\" fusion-imageframe imageframe-none imageframe-5 hover-type-none\"><img decoding=\"async\" width=\"1024\" height=\"768\" title=\"Heating element 3\" src=\"https:\/\/tekniseri.com\/wp-content\/uploads\/2020\/06\/Heating-element-3-1024x768.jpeg\" alt class=\"img-responsive wp-image-1531\" srcset=\"https:\/\/tekniseri.se\/wp-content\/uploads\/2020\/06\/Heating-element-3-200x150.jpeg 200w, https:\/\/tekniseri.se\/wp-content\/uploads\/2020\/06\/Heating-element-3-400x300.jpeg 400w, https:\/\/tekniseri.se\/wp-content\/uploads\/2020\/06\/Heating-element-3-600x450.jpeg 600w, https:\/\/tekniseri.se\/wp-content\/uploads\/2020\/06\/Heating-element-3-800x600.jpeg 800w, https:\/\/tekniseri.se\/wp-content\/uploads\/2020\/06\/Heating-element-3-1200x900.jpeg 1200w, https:\/\/tekniseri.se\/wp-content\/uploads\/2020\/06\/Heating-element-3.jpeg 1440w\" sizes=\"(max-width: 800px) 100vw, 1024px\" \/><\/span><\/div><\/div><div class=\"fusion-text fusion-text-4\"><h3 style=\"text-align: center;\">Tryckta v\u00e4rmeelement<\/h3>\n<p style=\"text-align: justify;\">Screentryck kan anv\u00e4ndas f\u00f6r att producera flexibla v\u00e4rmeelement som kan integreras bland annat i sittv\u00e4rmare eller kl\u00e4der. V\u00e4rmeelement produceras genom att trycka med konduktivt screentrycks-bl\u00e4ck p\u00e5 passande plastsubstrat.<\/p>\n<p style=\"text-align: justify;\">Produktionsprocessen och designen m\u00f6jligg\u00f6r att produkten blir v\u00e4ldigt flexibel med begr\u00e4nsade dimensioner. Teknologin garanterar produktens l\u00e5ga energikonsumtion och enhetliga temperatur. V\u00e4rmeelement \u00e4r tunna, l\u00e4tta och enkla att sk\u00e4ra i specifika former. Installationen g\u00f6rs genom laminering av tryckta v\u00e4rmeelement med hj\u00e4lp av anv\u00e4ndning av det korrekta limmet.<\/p>\n<p style=\"text-align: justify;\">K\u00e4nnetecken f\u00f6r de tryckta v\u00e4rmeelementen inkluderar ytterst god v\u00e4rme\u00f6verf\u00f6ring, l\u00e5g energikonsumtion, tunnhet och kostnadseffektiv produktionsstruktur.<\/p>\n<\/div><div class=\"fusion-clearfix\"><\/div><\/div><\/div><\/div><\/div>\n","protected":false},"excerpt":{"rendered":"","protected":false},"author":1,"featured_media":0,"parent":1651,"menu_order":0,"comment_status":"closed","ping_status":"closed","template":"","meta":{"footnotes":""},"class_list":["post-1529","page","type-page","status-publish","hentry"],"yoast_head":"<!-- This site is optimized with the Yoast SEO plugin v27.3 - https:\/\/yoast.com\/product\/yoast-seo-wordpress\/ -->\n<title>Tryckt elektronik &#187; Tekniseri<\/title>\n<meta name=\"robots\" content=\"index, follow, max-snippet:-1, max-image-preview:large, max-video-preview:-1\" \/>\n<link rel=\"canonical\" href=\"https:\/\/tekniseri.se\/?page_id=1529\" \/>\n<meta property=\"og:locale\" content=\"sv_SE\" \/>\n<meta property=\"og:type\" content=\"article\" \/>\n<meta property=\"og:title\" content=\"Tryckt elektronik &#187; Tekniseri\" \/>\n<meta property=\"og:url\" content=\"https:\/\/tekniseri.se\/?page_id=1529\" \/>\n<meta property=\"og:site_name\" content=\"Tekniseri\" \/>\n<meta property=\"article:publisher\" content=\"https:\/\/www.facebook.com\/tekniseri\/\" \/>\n<meta property=\"article:modified_time\" content=\"2022-09-28T21:08:12+00:00\" \/>\n<meta name=\"twitter:card\" content=\"summary_large_image\" \/>\n<meta name=\"twitter:label1\" content=\"Ber\u00e4knad l\u00e4stid\" \/>\n\t<meta name=\"twitter:data1\" content=\"6 minuter\" \/>\n<script type=\"application\/ld+json\" class=\"yoast-schema-graph\">{\"@context\":\"https:\\\/\\\/schema.org\",\"@graph\":[{\"@type\":\"WebPage\",\"@id\":\"https:\\\/\\\/tekniseri.se\\\/?page_id=1529\",\"url\":\"https:\\\/\\\/tekniseri.se\\\/?page_id=1529\",\"name\":\"Tryckt elektronik &#187; Tekniseri\",\"isPartOf\":{\"@id\":\"https:\\\/\\\/tekniseri.se\\\/#website\"},\"datePublished\":\"2021-02-28T21:10:36+00:00\",\"dateModified\":\"2022-09-28T21:08:12+00:00\",\"breadcrumb\":{\"@id\":\"https:\\\/\\\/tekniseri.se\\\/?page_id=1529#breadcrumb\"},\"inLanguage\":\"sv-SE\",\"potentialAction\":[{\"@type\":\"ReadAction\",\"target\":[\"https:\\\/\\\/tekniseri.se\\\/?page_id=1529\"]}]},{\"@type\":\"BreadcrumbList\",\"@id\":\"https:\\\/\\\/tekniseri.se\\\/?page_id=1529#breadcrumb\",\"itemListElement\":[{\"@type\":\"ListItem\",\"position\":1,\"name\":\"Home\",\"item\":\"https:\\\/\\\/tekniseri.se\\\/\"},{\"@type\":\"ListItem\",\"position\":2,\"name\":\"Produkter och tj\u00e4nster\",\"item\":\"https:\\\/\\\/tekniseri.se\\\/?page_id=1636\"},{\"@type\":\"ListItem\",\"position\":3,\"name\":\"Produkter\",\"item\":\"https:\\\/\\\/tekniseri.se\\\/?page_id=1651\"},{\"@type\":\"ListItem\",\"position\":4,\"name\":\"Tryckt elektronik\"}]},{\"@type\":\"WebSite\",\"@id\":\"https:\\\/\\\/tekniseri.se\\\/#website\",\"url\":\"https:\\\/\\\/tekniseri.se\\\/\",\"name\":\"Tekniseri\",\"description\":\"\",\"publisher\":{\"@id\":\"https:\\\/\\\/tekniseri.se\\\/#organization\"},\"potentialAction\":[{\"@type\":\"SearchAction\",\"target\":{\"@type\":\"EntryPoint\",\"urlTemplate\":\"https:\\\/\\\/tekniseri.se\\\/?s={search_term_string}\"},\"query-input\":{\"@type\":\"PropertyValueSpecification\",\"valueRequired\":true,\"valueName\":\"search_term_string\"}}],\"inLanguage\":\"sv-SE\"},{\"@type\":\"Organization\",\"@id\":\"https:\\\/\\\/tekniseri.se\\\/#organization\",\"name\":\"Tekniseri\",\"url\":\"https:\\\/\\\/tekniseri.se\\\/\",\"logo\":{\"@type\":\"ImageObject\",\"inLanguage\":\"sv-SE\",\"@id\":\"https:\\\/\\\/tekniseri.se\\\/#\\\/schema\\\/logo\\\/image\\\/\",\"url\":\"https:\\\/\\\/tekniseri.se\\\/wp-content\\\/uploads\\\/2023\\\/01\\\/Tekniseri-Logo-2023.jpg\",\"contentUrl\":\"https:\\\/\\\/tekniseri.se\\\/wp-content\\\/uploads\\\/2023\\\/01\\\/Tekniseri-Logo-2023.jpg\",\"width\":2422,\"height\":356,\"caption\":\"Tekniseri\"},\"image\":{\"@id\":\"https:\\\/\\\/tekniseri.se\\\/#\\\/schema\\\/logo\\\/image\\\/\"},\"sameAs\":[\"https:\\\/\\\/www.facebook.com\\\/tekniseri\\\/\",\"https:\\\/\\\/linkedin.com\\\/company\\\/tekniseri\"]}]}<\/script>\n<!-- \/ Yoast SEO plugin. -->","yoast_head_json":{"title":"Tryckt elektronik &#187; Tekniseri","robots":{"index":"index","follow":"follow","max-snippet":"max-snippet:-1","max-image-preview":"max-image-preview:large","max-video-preview":"max-video-preview:-1"},"canonical":"https:\/\/tekniseri.se\/?page_id=1529","og_locale":"sv_SE","og_type":"article","og_title":"Tryckt elektronik &#187; Tekniseri","og_url":"https:\/\/tekniseri.se\/?page_id=1529","og_site_name":"Tekniseri","article_publisher":"https:\/\/www.facebook.com\/tekniseri\/","article_modified_time":"2022-09-28T21:08:12+00:00","twitter_card":"summary_large_image","twitter_misc":{"Ber\u00e4knad l\u00e4stid":"6 minuter"},"schema":{"@context":"https:\/\/schema.org","@graph":[{"@type":"WebPage","@id":"https:\/\/tekniseri.se\/?page_id=1529","url":"https:\/\/tekniseri.se\/?page_id=1529","name":"Tryckt elektronik &#187; Tekniseri","isPartOf":{"@id":"https:\/\/tekniseri.se\/#website"},"datePublished":"2021-02-28T21:10:36+00:00","dateModified":"2022-09-28T21:08:12+00:00","breadcrumb":{"@id":"https:\/\/tekniseri.se\/?page_id=1529#breadcrumb"},"inLanguage":"sv-SE","potentialAction":[{"@type":"ReadAction","target":["https:\/\/tekniseri.se\/?page_id=1529"]}]},{"@type":"BreadcrumbList","@id":"https:\/\/tekniseri.se\/?page_id=1529#breadcrumb","itemListElement":[{"@type":"ListItem","position":1,"name":"Home","item":"https:\/\/tekniseri.se\/"},{"@type":"ListItem","position":2,"name":"Produkter och tj\u00e4nster","item":"https:\/\/tekniseri.se\/?page_id=1636"},{"@type":"ListItem","position":3,"name":"Produkter","item":"https:\/\/tekniseri.se\/?page_id=1651"},{"@type":"ListItem","position":4,"name":"Tryckt elektronik"}]},{"@type":"WebSite","@id":"https:\/\/tekniseri.se\/#website","url":"https:\/\/tekniseri.se\/","name":"Tekniseri","description":"","publisher":{"@id":"https:\/\/tekniseri.se\/#organization"},"potentialAction":[{"@type":"SearchAction","target":{"@type":"EntryPoint","urlTemplate":"https:\/\/tekniseri.se\/?s={search_term_string}"},"query-input":{"@type":"PropertyValueSpecification","valueRequired":true,"valueName":"search_term_string"}}],"inLanguage":"sv-SE"},{"@type":"Organization","@id":"https:\/\/tekniseri.se\/#organization","name":"Tekniseri","url":"https:\/\/tekniseri.se\/","logo":{"@type":"ImageObject","inLanguage":"sv-SE","@id":"https:\/\/tekniseri.se\/#\/schema\/logo\/image\/","url":"https:\/\/tekniseri.se\/wp-content\/uploads\/2023\/01\/Tekniseri-Logo-2023.jpg","contentUrl":"https:\/\/tekniseri.se\/wp-content\/uploads\/2023\/01\/Tekniseri-Logo-2023.jpg","width":2422,"height":356,"caption":"Tekniseri"},"image":{"@id":"https:\/\/tekniseri.se\/#\/schema\/logo\/image\/"},"sameAs":["https:\/\/www.facebook.com\/tekniseri\/","https:\/\/linkedin.com\/company\/tekniseri"]}]}},"_links":{"self":[{"href":"https:\/\/tekniseri.se\/index.php?rest_route=\/wp\/v2\/pages\/1529","targetHints":{"allow":["GET"]}}],"collection":[{"href":"https:\/\/tekniseri.se\/index.php?rest_route=\/wp\/v2\/pages"}],"about":[{"href":"https:\/\/tekniseri.se\/index.php?rest_route=\/wp\/v2\/types\/page"}],"author":[{"embeddable":true,"href":"https:\/\/tekniseri.se\/index.php?rest_route=\/wp\/v2\/users\/1"}],"replies":[{"embeddable":true,"href":"https:\/\/tekniseri.se\/index.php?rest_route=%2Fwp%2Fv2%2Fcomments&post=1529"}],"version-history":[{"count":10,"href":"https:\/\/tekniseri.se\/index.php?rest_route=\/wp\/v2\/pages\/1529\/revisions"}],"predecessor-version":[{"id":2130,"href":"https:\/\/tekniseri.se\/index.php?rest_route=\/wp\/v2\/pages\/1529\/revisions\/2130"}],"up":[{"embeddable":true,"href":"https:\/\/tekniseri.se\/index.php?rest_route=\/wp\/v2\/pages\/1651"}],"wp:attachment":[{"href":"https:\/\/tekniseri.se\/index.php?rest_route=%2Fwp%2Fv2%2Fmedia&parent=1529"}],"curies":[{"name":"wp","href":"https:\/\/api.w.org\/{rel}","templated":true}]}}