{"id":1524,"date":"2021-02-24T19:53:58","date_gmt":"2021-02-24T19:53:58","guid":{"rendered":"https:\/\/tekniseri.com\/?page_id=1524"},"modified":"2021-02-24T19:53:59","modified_gmt":"2021-02-24T19:53:59","slug":"teknologier","status":"publish","type":"page","link":"https:\/\/tekniseri.se\/?page_id=1524","title":{"rendered":"Teknologier"},"content":{"rendered":"<p><div class=\"fusion-fullwidth fullwidth-box fusion-builder-row-1 nonhundred-percent-fullwidth non-hundred-percent-height-scrolling\" style=\"--awb-border-radius-top-left:0px;--awb-border-radius-top-right:0px;--awb-border-radius-bottom-right:0px;--awb-border-radius-bottom-left:0px;--awb-flex-wrap:wrap;\" ><div class=\"fusion-builder-row fusion-row\"><div class=\"fusion-layout-column fusion_builder_column fusion-builder-column-0 fusion_builder_column_1_1 1_1 fusion-one-full fusion-column-first fusion-column-last\" style=\"--awb-bg-size:cover;\"><div class=\"fusion-column-wrapper fusion-column-has-shadow fusion-flex-column-wrapper-legacy\"><div class=\"fusion-text fusion-text-1\"><h3 style=\"text-align: center;\">Produktionsteknologier<\/h3>\n<p style=\"text-align: justify;\">Tekniseri har produktionsenheter i Finland (Kempele och Bj\u00f6rneborg) och Kina (Suzhou). Vi betj\u00e4nar kunder b\u00e5de inom mer klassisk och modern teknologi d\u00e5 det kommer till tryck och m\u00e4rkning, sk\u00e4rning och formande av maskiner f\u00f6r industriellt tryck och isoleringsprodukter i plast, st\u00e5l och aluminium.<\/p>\n<\/div><div class=\"fusion-clearfix\"><\/div><\/div><\/div><\/div><\/div><div class=\"fusion-fullwidth fullwidth-box fusion-builder-row-2 nonhundred-percent-fullwidth non-hundred-percent-height-scrolling\" style=\"--awb-border-radius-top-left:0px;--awb-border-radius-top-right:0px;--awb-border-radius-bottom-right:0px;--awb-border-radius-bottom-left:0px;--awb-flex-wrap:wrap;\" ><div class=\"fusion-builder-row fusion-row\"><div class=\"fusion-layout-column fusion_builder_column fusion-builder-column-1 fusion_builder_column_1_2 1_2 fusion-one-half fusion-column-first\" style=\"--awb-bg-size:cover;width:50%;width:calc(50% - ( ( 4% ) * 0.5 ) );margin-right: 4%;\"><div class=\"fusion-column-wrapper fusion-column-has-shadow fusion-flex-column-wrapper-legacy\"><div class=\"fusion-image-element fusion-image-align-center in-legacy-container\" style=\"text-align:center;--awb-caption-title-font-family:var(--h2_typography-font-family);--awb-caption-title-font-weight:var(--h2_typography-font-weight);--awb-caption-title-font-style:var(--h2_typography-font-style);--awb-caption-title-size:var(--h2_typography-font-size);--awb-caption-title-transform:var(--h2_typography-text-transform);--awb-caption-title-line-height:var(--h2_typography-line-height);--awb-caption-title-letter-spacing:var(--h2_typography-letter-spacing);\"><div class=\"imageframe-align-center\"><span class=\" fusion-imageframe imageframe-none imageframe-1 hover-type-none\"><img decoding=\"async\" width=\"1024\" height=\"683\" title=\"printing\" src=\"https:\/\/tekniseri.com\/wp-content\/uploads\/2020\/06\/printing-1024x683.png\" alt class=\"img-responsive wp-image-1525\" srcset=\"https:\/\/tekniseri.se\/wp-content\/uploads\/2020\/06\/printing-200x133.png 200w, https:\/\/tekniseri.se\/wp-content\/uploads\/2020\/06\/printing-400x267.png 400w, https:\/\/tekniseri.se\/wp-content\/uploads\/2020\/06\/printing-600x400.png 600w, https:\/\/tekniseri.se\/wp-content\/uploads\/2020\/06\/printing-800x534.png 800w, https:\/\/tekniseri.se\/wp-content\/uploads\/2020\/06\/printing-1200x800.png 1200w, https:\/\/tekniseri.se\/wp-content\/uploads\/2020\/06\/printing.png 1600w\" sizes=\"(max-width: 800px) 100vw, 1200px\" \/><\/span><\/div><\/div><div class=\"fusion-clearfix\"><\/div><\/div><\/div><div class=\"fusion-layout-column fusion_builder_column fusion-builder-column-2 fusion_builder_column_1_2 1_2 fusion-one-half fusion-column-last\" style=\"--awb-bg-size:cover;width:50%;width:calc(50% - ( ( 4% ) * 0.5 ) );\"><div class=\"fusion-column-wrapper fusion-column-has-shadow fusion-flex-column-wrapper-legacy\"><div class=\"fusion-text fusion-text-2\"><h3>Tryck &amp; M\u00e4rkning<\/h3>\n<ul>\n<li>Screentryck av h\u00f6g volym<\/li>\n<li>Digitaltryck i stort format<\/li>\n<li>Digitaltryck f\u00f6r aluminium<\/li>\n<li>Tampografiskt tryck<\/li>\n<li>Laserm\u00e4rkning<\/li>\n<\/ul>\n<\/div><div class=\"fusion-clearfix\"><\/div><\/div><\/div><\/div><\/div><div class=\"fusion-fullwidth fullwidth-box fusion-builder-row-3 nonhundred-percent-fullwidth non-hundred-percent-height-scrolling\" style=\"--awb-border-radius-top-left:0px;--awb-border-radius-top-right:0px;--awb-border-radius-bottom-right:0px;--awb-border-radius-bottom-left:0px;--awb-flex-wrap:wrap;\" ><div class=\"fusion-builder-row fusion-row\"><div class=\"fusion-layout-column fusion_builder_column fusion-builder-column-3 fusion_builder_column_1_2 1_2 fusion-one-half fusion-column-first\" style=\"--awb-bg-size:cover;width:50%;width:calc(50% - ( ( 4% ) * 0.5 ) );margin-right: 4%;\"><div class=\"fusion-column-wrapper fusion-column-has-shadow fusion-flex-column-wrapper-legacy\"><div class=\"fusion-image-element fusion-image-align-center in-legacy-container\" style=\"text-align:center;--awb-caption-title-font-family:var(--h2_typography-font-family);--awb-caption-title-font-weight:var(--h2_typography-font-weight);--awb-caption-title-font-style:var(--h2_typography-font-style);--awb-caption-title-size:var(--h2_typography-font-size);--awb-caption-title-transform:var(--h2_typography-text-transform);--awb-caption-title-line-height:var(--h2_typography-line-height);--awb-caption-title-letter-spacing:var(--h2_typography-letter-spacing);\"><div class=\"imageframe-align-center\"><span class=\" fusion-imageframe imageframe-none imageframe-2 hover-type-none\"><img decoding=\"async\" width=\"1024\" height=\"683\" title=\"cutshape\" src=\"https:\/\/tekniseri.com\/wp-content\/uploads\/2020\/06\/cutshape-1024x683.png\" alt class=\"img-responsive wp-image-1526\" srcset=\"https:\/\/tekniseri.se\/wp-content\/uploads\/2020\/06\/cutshape-200x133.png 200w, https:\/\/tekniseri.se\/wp-content\/uploads\/2020\/06\/cutshape-400x267.png 400w, https:\/\/tekniseri.se\/wp-content\/uploads\/2020\/06\/cutshape-600x400.png 600w, https:\/\/tekniseri.se\/wp-content\/uploads\/2020\/06\/cutshape-800x534.png 800w, https:\/\/tekniseri.se\/wp-content\/uploads\/2020\/06\/cutshape-1200x800.png 1200w, https:\/\/tekniseri.se\/wp-content\/uploads\/2020\/06\/cutshape.png 1600w\" sizes=\"(max-width: 800px) 100vw, 1200px\" \/><\/span><\/div><\/div><div class=\"fusion-clearfix\"><\/div><\/div><\/div><div class=\"fusion-layout-column fusion_builder_column fusion-builder-column-4 fusion_builder_column_1_2 1_2 fusion-one-half fusion-column-last\" style=\"--awb-bg-size:cover;width:50%;width:calc(50% - ( ( 4% ) * 0.5 ) );\"><div class=\"fusion-column-wrapper fusion-column-has-shadow fusion-flex-column-wrapper-legacy\"><div class=\"fusion-text fusion-text-3\"><h3>Sk\u00e4rande &amp; formande<\/h3>\n<ul>\n<li><span data-contrast=\"auto\">Precisionssk\u00e4rning med kamerapositionering<\/span><\/li>\n<li><span data-contrast=\"auto\">Lasersk\u00e4rning<\/span><\/li>\n<li><span data-contrast=\"auto\">Laseringravering<\/span><\/li>\n<li><span data-contrast=\"auto\">F\u00f6rprogrammerad bockning<\/span><\/li>\n<li><span data-contrast=\"auto\">Stansning<\/span><\/li>\n<\/ul>\n<\/div><div class=\"fusion-clearfix\"><\/div><\/div><\/div><\/div><\/div><\/p>\n","protected":false},"excerpt":{"rendered":"","protected":false},"author":1,"featured_media":0,"parent":1636,"menu_order":0,"comment_status":"closed","ping_status":"closed","template":"","meta":{"footnotes":""},"class_list":["post-1524","page","type-page","status-publish","hentry"],"yoast_head":"<!-- This site is optimized with the Yoast SEO plugin v27.3 - https:\/\/yoast.com\/product\/yoast-seo-wordpress\/ -->\n<title>Teknologier &#187; Tekniseri<\/title>\n<meta name=\"robots\" content=\"index, follow, max-snippet:-1, max-image-preview:large, max-video-preview:-1\" \/>\n<link rel=\"canonical\" href=\"https:\/\/tekniseri.se\/?page_id=1524\" \/>\n<meta property=\"og:locale\" content=\"sv_SE\" \/>\n<meta property=\"og:type\" content=\"article\" \/>\n<meta property=\"og:title\" content=\"Teknologier &#187; Tekniseri\" \/>\n<meta property=\"og:url\" content=\"https:\/\/tekniseri.se\/?page_id=1524\" \/>\n<meta property=\"og:site_name\" content=\"Tekniseri\" \/>\n<meta property=\"article:publisher\" content=\"https:\/\/www.facebook.com\/tekniseri\/\" \/>\n<meta property=\"article:modified_time\" content=\"2021-02-24T19:53:59+00:00\" \/>\n<meta name=\"twitter:card\" content=\"summary_large_image\" \/>\n<meta name=\"twitter:label1\" content=\"Ber\u00e4knad l\u00e4stid\" \/>\n\t<meta name=\"twitter:data1\" content=\"9 minuter\" \/>\n<script type=\"application\/ld+json\" class=\"yoast-schema-graph\">{\"@context\":\"https:\\\/\\\/schema.org\",\"@graph\":[{\"@type\":\"WebPage\",\"@id\":\"https:\\\/\\\/tekniseri.se\\\/?page_id=1524\",\"url\":\"https:\\\/\\\/tekniseri.se\\\/?page_id=1524\",\"name\":\"Teknologier &#187; Tekniseri\",\"isPartOf\":{\"@id\":\"https:\\\/\\\/tekniseri.se\\\/#website\"},\"datePublished\":\"2021-02-24T19:53:58+00:00\",\"dateModified\":\"2021-02-24T19:53:59+00:00\",\"breadcrumb\":{\"@id\":\"https:\\\/\\\/tekniseri.se\\\/?page_id=1524#breadcrumb\"},\"inLanguage\":\"sv-SE\",\"potentialAction\":[{\"@type\":\"ReadAction\",\"target\":[\"https:\\\/\\\/tekniseri.se\\\/?page_id=1524\"]}]},{\"@type\":\"BreadcrumbList\",\"@id\":\"https:\\\/\\\/tekniseri.se\\\/?page_id=1524#breadcrumb\",\"itemListElement\":[{\"@type\":\"ListItem\",\"position\":1,\"name\":\"Home\",\"item\":\"https:\\\/\\\/tekniseri.se\\\/\"},{\"@type\":\"ListItem\",\"position\":2,\"name\":\"Produkter och tj\u00e4nster\",\"item\":\"https:\\\/\\\/tekniseri.se\\\/?page_id=1636\"},{\"@type\":\"ListItem\",\"position\":3,\"name\":\"Teknologier\"}]},{\"@type\":\"WebSite\",\"@id\":\"https:\\\/\\\/tekniseri.se\\\/#website\",\"url\":\"https:\\\/\\\/tekniseri.se\\\/\",\"name\":\"Tekniseri\",\"description\":\"\",\"publisher\":{\"@id\":\"https:\\\/\\\/tekniseri.se\\\/#organization\"},\"potentialAction\":[{\"@type\":\"SearchAction\",\"target\":{\"@type\":\"EntryPoint\",\"urlTemplate\":\"https:\\\/\\\/tekniseri.se\\\/?s={search_term_string}\"},\"query-input\":{\"@type\":\"PropertyValueSpecification\",\"valueRequired\":true,\"valueName\":\"search_term_string\"}}],\"inLanguage\":\"sv-SE\"},{\"@type\":\"Organization\",\"@id\":\"https:\\\/\\\/tekniseri.se\\\/#organization\",\"name\":\"Tekniseri\",\"url\":\"https:\\\/\\\/tekniseri.se\\\/\",\"logo\":{\"@type\":\"ImageObject\",\"inLanguage\":\"sv-SE\",\"@id\":\"https:\\\/\\\/tekniseri.se\\\/#\\\/schema\\\/logo\\\/image\\\/\",\"url\":\"https:\\\/\\\/tekniseri.se\\\/wp-content\\\/uploads\\\/2023\\\/01\\\/Tekniseri-Logo-2023.jpg\",\"contentUrl\":\"https:\\\/\\\/tekniseri.se\\\/wp-content\\\/uploads\\\/2023\\\/01\\\/Tekniseri-Logo-2023.jpg\",\"width\":2422,\"height\":356,\"caption\":\"Tekniseri\"},\"image\":{\"@id\":\"https:\\\/\\\/tekniseri.se\\\/#\\\/schema\\\/logo\\\/image\\\/\"},\"sameAs\":[\"https:\\\/\\\/www.facebook.com\\\/tekniseri\\\/\",\"https:\\\/\\\/linkedin.com\\\/company\\\/tekniseri\"]}]}<\/script>\n<!-- \/ Yoast SEO plugin. -->","yoast_head_json":{"title":"Teknologier &#187; Tekniseri","robots":{"index":"index","follow":"follow","max-snippet":"max-snippet:-1","max-image-preview":"max-image-preview:large","max-video-preview":"max-video-preview:-1"},"canonical":"https:\/\/tekniseri.se\/?page_id=1524","og_locale":"sv_SE","og_type":"article","og_title":"Teknologier &#187; Tekniseri","og_url":"https:\/\/tekniseri.se\/?page_id=1524","og_site_name":"Tekniseri","article_publisher":"https:\/\/www.facebook.com\/tekniseri\/","article_modified_time":"2021-02-24T19:53:59+00:00","twitter_card":"summary_large_image","twitter_misc":{"Ber\u00e4knad l\u00e4stid":"9 minuter"},"schema":{"@context":"https:\/\/schema.org","@graph":[{"@type":"WebPage","@id":"https:\/\/tekniseri.se\/?page_id=1524","url":"https:\/\/tekniseri.se\/?page_id=1524","name":"Teknologier &#187; Tekniseri","isPartOf":{"@id":"https:\/\/tekniseri.se\/#website"},"datePublished":"2021-02-24T19:53:58+00:00","dateModified":"2021-02-24T19:53:59+00:00","breadcrumb":{"@id":"https:\/\/tekniseri.se\/?page_id=1524#breadcrumb"},"inLanguage":"sv-SE","potentialAction":[{"@type":"ReadAction","target":["https:\/\/tekniseri.se\/?page_id=1524"]}]},{"@type":"BreadcrumbList","@id":"https:\/\/tekniseri.se\/?page_id=1524#breadcrumb","itemListElement":[{"@type":"ListItem","position":1,"name":"Home","item":"https:\/\/tekniseri.se\/"},{"@type":"ListItem","position":2,"name":"Produkter och tj\u00e4nster","item":"https:\/\/tekniseri.se\/?page_id=1636"},{"@type":"ListItem","position":3,"name":"Teknologier"}]},{"@type":"WebSite","@id":"https:\/\/tekniseri.se\/#website","url":"https:\/\/tekniseri.se\/","name":"Tekniseri","description":"","publisher":{"@id":"https:\/\/tekniseri.se\/#organization"},"potentialAction":[{"@type":"SearchAction","target":{"@type":"EntryPoint","urlTemplate":"https:\/\/tekniseri.se\/?s={search_term_string}"},"query-input":{"@type":"PropertyValueSpecification","valueRequired":true,"valueName":"search_term_string"}}],"inLanguage":"sv-SE"},{"@type":"Organization","@id":"https:\/\/tekniseri.se\/#organization","name":"Tekniseri","url":"https:\/\/tekniseri.se\/","logo":{"@type":"ImageObject","inLanguage":"sv-SE","@id":"https:\/\/tekniseri.se\/#\/schema\/logo\/image\/","url":"https:\/\/tekniseri.se\/wp-content\/uploads\/2023\/01\/Tekniseri-Logo-2023.jpg","contentUrl":"https:\/\/tekniseri.se\/wp-content\/uploads\/2023\/01\/Tekniseri-Logo-2023.jpg","width":2422,"height":356,"caption":"Tekniseri"},"image":{"@id":"https:\/\/tekniseri.se\/#\/schema\/logo\/image\/"},"sameAs":["https:\/\/www.facebook.com\/tekniseri\/","https:\/\/linkedin.com\/company\/tekniseri"]}]}},"_links":{"self":[{"href":"https:\/\/tekniseri.se\/index.php?rest_route=\/wp\/v2\/pages\/1524","targetHints":{"allow":["GET"]}}],"collection":[{"href":"https:\/\/tekniseri.se\/index.php?rest_route=\/wp\/v2\/pages"}],"about":[{"href":"https:\/\/tekniseri.se\/index.php?rest_route=\/wp\/v2\/types\/page"}],"author":[{"embeddable":true,"href":"https:\/\/tekniseri.se\/index.php?rest_route=\/wp\/v2\/users\/1"}],"replies":[{"embeddable":true,"href":"https:\/\/tekniseri.se\/index.php?rest_route=%2Fwp%2Fv2%2Fcomments&post=1524"}],"version-history":[{"count":2,"href":"https:\/\/tekniseri.se\/index.php?rest_route=\/wp\/v2\/pages\/1524\/revisions"}],"predecessor-version":[{"id":1528,"href":"https:\/\/tekniseri.se\/index.php?rest_route=\/wp\/v2\/pages\/1524\/revisions\/1528"}],"up":[{"embeddable":true,"href":"https:\/\/tekniseri.se\/index.php?rest_route=\/wp\/v2\/pages\/1636"}],"wp:attachment":[{"href":"https:\/\/tekniseri.se\/index.php?rest_route=%2Fwp%2Fv2%2Fmedia&parent=1524"}],"curies":[{"name":"wp","href":"https:\/\/api.w.org\/{rel}","templated":true}]}}