{"id":1518,"date":"2021-02-23T20:30:31","date_gmt":"2021-02-23T20:30:31","guid":{"rendered":"https:\/\/tekniseri.com\/?page_id=1518"},"modified":"2021-02-23T20:30:35","modified_gmt":"2021-02-23T20:30:35","slug":"tryckta-metallplattor","status":"publish","type":"page","link":"https:\/\/tekniseri.se\/?page_id=1518","title":{"rendered":"Tryckta metallplattor"},"content":{"rendered":"<div class=\"fusion-fullwidth fullwidth-box fusion-builder-row-1 nonhundred-percent-fullwidth non-hundred-percent-height-scrolling\" style=\"--awb-border-radius-top-left:0px;--awb-border-radius-top-right:0px;--awb-border-radius-bottom-right:0px;--awb-border-radius-bottom-left:0px;--awb-padding-left:10%;--awb-flex-wrap:wrap;\" ><div class=\"fusion-builder-row fusion-row\"><div class=\"fusion-layout-column fusion_builder_column fusion-builder-column-0 fusion_builder_column_1_1 1_1 fusion-one-full fusion-column-first fusion-column-last\" style=\"--awb-bg-size:cover;\"><div class=\"fusion-column-wrapper fusion-column-has-shadow fusion-flex-column-wrapper-legacy\"><div class=\"fusion-image-element in-legacy-container\" style=\"--awb-caption-title-font-family:var(--h2_typography-font-family);--awb-caption-title-font-weight:var(--h2_typography-font-weight);--awb-caption-title-font-style:var(--h2_typography-font-style);--awb-caption-title-size:var(--h2_typography-font-size);--awb-caption-title-transform:var(--h2_typography-text-transform);--awb-caption-title-line-height:var(--h2_typography-line-height);--awb-caption-title-letter-spacing:var(--h2_typography-letter-spacing);\"><span class=\" fusion-imageframe imageframe-none imageframe-1 hover-type-none\"><img decoding=\"async\" width=\"1024\" height=\"683\" title=\"IMG_3305\" src=\"https:\/\/tekniseri.com\/wp-content\/uploads\/2020\/06\/IMG_3305-1-1024x683.png\" alt class=\"img-responsive wp-image-1654\" srcset=\"https:\/\/tekniseri.se\/wp-content\/uploads\/2020\/06\/IMG_3305-1-200x133.png 200w, https:\/\/tekniseri.se\/wp-content\/uploads\/2020\/06\/IMG_3305-1-400x267.png 400w, https:\/\/tekniseri.se\/wp-content\/uploads\/2020\/06\/IMG_3305-1-600x400.png 600w, https:\/\/tekniseri.se\/wp-content\/uploads\/2020\/06\/IMG_3305-1-800x533.png 800w, https:\/\/tekniseri.se\/wp-content\/uploads\/2020\/06\/IMG_3305-1-1200x800.png 1200w, https:\/\/tekniseri.se\/wp-content\/uploads\/2020\/06\/IMG_3305-1.png 5184w\" sizes=\"(max-width: 800px) 100vw, 1024px\" \/><\/span><\/div><div class=\"fusion-text fusion-text-1\"><h2 style=\"text-align: center;\">Tryckta metallplattor<\/h2>\n<p style=\"text-align: justify;\">Tekniseris h\u00f6gkvalitativa korrosionst\u00e5liga och h\u00e5llbara printade anodiserade aluminium eller st\u00e5lmaskiner och enhetspl\u00e5tar \u00e4r ideala f\u00f6r kr\u00e4vande professionell anv\u00e4ndning. Plattorna kan vara laseringraverade och skurna i en viss form, limmet kan lamineras p\u00e5 baksidan. Metalliska maskiner och enhetsplattor kan m\u00e4rkas genom att anv\u00e4nda screentryck, bl\u00e4ckstr\u00e5le-tryck eller tampografiskt tryck f\u00f6r att uppn\u00e5 kundens specifika design.<\/p>\n<\/div><div class=\"fusion-clearfix\"><\/div><\/div><\/div><\/div><\/div>\n","protected":false},"excerpt":{"rendered":"","protected":false},"author":1,"featured_media":0,"parent":1651,"menu_order":0,"comment_status":"closed","ping_status":"closed","template":"","meta":{"footnotes":""},"class_list":["post-1518","page","type-page","status-publish","hentry"],"yoast_head":"<!-- This site is optimized with the Yoast SEO plugin v27.3 - https:\/\/yoast.com\/product\/yoast-seo-wordpress\/ -->\n<title>Tryckta metallplattor &#187; Tekniseri<\/title>\n<meta name=\"robots\" content=\"index, follow, max-snippet:-1, max-image-preview:large, max-video-preview:-1\" \/>\n<link rel=\"canonical\" href=\"https:\/\/tekniseri.se\/?page_id=1518\" \/>\n<meta property=\"og:locale\" content=\"sv_SE\" \/>\n<meta property=\"og:type\" content=\"article\" \/>\n<meta property=\"og:title\" content=\"Tryckta metallplattor &#187; Tekniseri\" \/>\n<meta property=\"og:url\" content=\"https:\/\/tekniseri.se\/?page_id=1518\" \/>\n<meta property=\"og:site_name\" content=\"Tekniseri\" \/>\n<meta property=\"article:publisher\" content=\"https:\/\/www.facebook.com\/tekniseri\/\" \/>\n<meta property=\"article:modified_time\" content=\"2021-02-23T20:30:35+00:00\" \/>\n<meta name=\"twitter:card\" content=\"summary_large_image\" \/>\n<meta name=\"twitter:label1\" content=\"Ber\u00e4knad l\u00e4stid\" \/>\n\t<meta name=\"twitter:data1\" content=\"3 minuter\" \/>\n<script type=\"application\/ld+json\" class=\"yoast-schema-graph\">{\"@context\":\"https:\\\/\\\/schema.org\",\"@graph\":[{\"@type\":\"WebPage\",\"@id\":\"https:\\\/\\\/tekniseri.se\\\/?page_id=1518\",\"url\":\"https:\\\/\\\/tekniseri.se\\\/?page_id=1518\",\"name\":\"Tryckta metallplattor &#187; Tekniseri\",\"isPartOf\":{\"@id\":\"https:\\\/\\\/tekniseri.se\\\/#website\"},\"datePublished\":\"2021-02-23T20:30:31+00:00\",\"dateModified\":\"2021-02-23T20:30:35+00:00\",\"breadcrumb\":{\"@id\":\"https:\\\/\\\/tekniseri.se\\\/?page_id=1518#breadcrumb\"},\"inLanguage\":\"sv-SE\",\"potentialAction\":[{\"@type\":\"ReadAction\",\"target\":[\"https:\\\/\\\/tekniseri.se\\\/?page_id=1518\"]}]},{\"@type\":\"BreadcrumbList\",\"@id\":\"https:\\\/\\\/tekniseri.se\\\/?page_id=1518#breadcrumb\",\"itemListElement\":[{\"@type\":\"ListItem\",\"position\":1,\"name\":\"Home\",\"item\":\"https:\\\/\\\/tekniseri.se\\\/\"},{\"@type\":\"ListItem\",\"position\":2,\"name\":\"Produkter och tj\u00e4nster\",\"item\":\"https:\\\/\\\/tekniseri.se\\\/?page_id=1636\"},{\"@type\":\"ListItem\",\"position\":3,\"name\":\"Produkter\",\"item\":\"https:\\\/\\\/tekniseri.se\\\/?page_id=1651\"},{\"@type\":\"ListItem\",\"position\":4,\"name\":\"Tryckta metallplattor\"}]},{\"@type\":\"WebSite\",\"@id\":\"https:\\\/\\\/tekniseri.se\\\/#website\",\"url\":\"https:\\\/\\\/tekniseri.se\\\/\",\"name\":\"Tekniseri\",\"description\":\"\",\"publisher\":{\"@id\":\"https:\\\/\\\/tekniseri.se\\\/#organization\"},\"potentialAction\":[{\"@type\":\"SearchAction\",\"target\":{\"@type\":\"EntryPoint\",\"urlTemplate\":\"https:\\\/\\\/tekniseri.se\\\/?s={search_term_string}\"},\"query-input\":{\"@type\":\"PropertyValueSpecification\",\"valueRequired\":true,\"valueName\":\"search_term_string\"}}],\"inLanguage\":\"sv-SE\"},{\"@type\":\"Organization\",\"@id\":\"https:\\\/\\\/tekniseri.se\\\/#organization\",\"name\":\"Tekniseri\",\"url\":\"https:\\\/\\\/tekniseri.se\\\/\",\"logo\":{\"@type\":\"ImageObject\",\"inLanguage\":\"sv-SE\",\"@id\":\"https:\\\/\\\/tekniseri.se\\\/#\\\/schema\\\/logo\\\/image\\\/\",\"url\":\"https:\\\/\\\/tekniseri.se\\\/wp-content\\\/uploads\\\/2023\\\/01\\\/Tekniseri-Logo-2023.jpg\",\"contentUrl\":\"https:\\\/\\\/tekniseri.se\\\/wp-content\\\/uploads\\\/2023\\\/01\\\/Tekniseri-Logo-2023.jpg\",\"width\":2422,\"height\":356,\"caption\":\"Tekniseri\"},\"image\":{\"@id\":\"https:\\\/\\\/tekniseri.se\\\/#\\\/schema\\\/logo\\\/image\\\/\"},\"sameAs\":[\"https:\\\/\\\/www.facebook.com\\\/tekniseri\\\/\",\"https:\\\/\\\/linkedin.com\\\/company\\\/tekniseri\"]}]}<\/script>\n<!-- \/ Yoast SEO plugin. -->","yoast_head_json":{"title":"Tryckta metallplattor &#187; Tekniseri","robots":{"index":"index","follow":"follow","max-snippet":"max-snippet:-1","max-image-preview":"max-image-preview:large","max-video-preview":"max-video-preview:-1"},"canonical":"https:\/\/tekniseri.se\/?page_id=1518","og_locale":"sv_SE","og_type":"article","og_title":"Tryckta metallplattor &#187; Tekniseri","og_url":"https:\/\/tekniseri.se\/?page_id=1518","og_site_name":"Tekniseri","article_publisher":"https:\/\/www.facebook.com\/tekniseri\/","article_modified_time":"2021-02-23T20:30:35+00:00","twitter_card":"summary_large_image","twitter_misc":{"Ber\u00e4knad l\u00e4stid":"3 minuter"},"schema":{"@context":"https:\/\/schema.org","@graph":[{"@type":"WebPage","@id":"https:\/\/tekniseri.se\/?page_id=1518","url":"https:\/\/tekniseri.se\/?page_id=1518","name":"Tryckta metallplattor &#187; Tekniseri","isPartOf":{"@id":"https:\/\/tekniseri.se\/#website"},"datePublished":"2021-02-23T20:30:31+00:00","dateModified":"2021-02-23T20:30:35+00:00","breadcrumb":{"@id":"https:\/\/tekniseri.se\/?page_id=1518#breadcrumb"},"inLanguage":"sv-SE","potentialAction":[{"@type":"ReadAction","target":["https:\/\/tekniseri.se\/?page_id=1518"]}]},{"@type":"BreadcrumbList","@id":"https:\/\/tekniseri.se\/?page_id=1518#breadcrumb","itemListElement":[{"@type":"ListItem","position":1,"name":"Home","item":"https:\/\/tekniseri.se\/"},{"@type":"ListItem","position":2,"name":"Produkter och tj\u00e4nster","item":"https:\/\/tekniseri.se\/?page_id=1636"},{"@type":"ListItem","position":3,"name":"Produkter","item":"https:\/\/tekniseri.se\/?page_id=1651"},{"@type":"ListItem","position":4,"name":"Tryckta metallplattor"}]},{"@type":"WebSite","@id":"https:\/\/tekniseri.se\/#website","url":"https:\/\/tekniseri.se\/","name":"Tekniseri","description":"","publisher":{"@id":"https:\/\/tekniseri.se\/#organization"},"potentialAction":[{"@type":"SearchAction","target":{"@type":"EntryPoint","urlTemplate":"https:\/\/tekniseri.se\/?s={search_term_string}"},"query-input":{"@type":"PropertyValueSpecification","valueRequired":true,"valueName":"search_term_string"}}],"inLanguage":"sv-SE"},{"@type":"Organization","@id":"https:\/\/tekniseri.se\/#organization","name":"Tekniseri","url":"https:\/\/tekniseri.se\/","logo":{"@type":"ImageObject","inLanguage":"sv-SE","@id":"https:\/\/tekniseri.se\/#\/schema\/logo\/image\/","url":"https:\/\/tekniseri.se\/wp-content\/uploads\/2023\/01\/Tekniseri-Logo-2023.jpg","contentUrl":"https:\/\/tekniseri.se\/wp-content\/uploads\/2023\/01\/Tekniseri-Logo-2023.jpg","width":2422,"height":356,"caption":"Tekniseri"},"image":{"@id":"https:\/\/tekniseri.se\/#\/schema\/logo\/image\/"},"sameAs":["https:\/\/www.facebook.com\/tekniseri\/","https:\/\/linkedin.com\/company\/tekniseri"]}]}},"_links":{"self":[{"href":"https:\/\/tekniseri.se\/index.php?rest_route=\/wp\/v2\/pages\/1518","targetHints":{"allow":["GET"]}}],"collection":[{"href":"https:\/\/tekniseri.se\/index.php?rest_route=\/wp\/v2\/pages"}],"about":[{"href":"https:\/\/tekniseri.se\/index.php?rest_route=\/wp\/v2\/types\/page"}],"author":[{"embeddable":true,"href":"https:\/\/tekniseri.se\/index.php?rest_route=\/wp\/v2\/users\/1"}],"replies":[{"embeddable":true,"href":"https:\/\/tekniseri.se\/index.php?rest_route=%2Fwp%2Fv2%2Fcomments&post=1518"}],"version-history":[{"count":5,"href":"https:\/\/tekniseri.se\/index.php?rest_route=\/wp\/v2\/pages\/1518\/revisions"}],"predecessor-version":[{"id":1523,"href":"https:\/\/tekniseri.se\/index.php?rest_route=\/wp\/v2\/pages\/1518\/revisions\/1523"}],"up":[{"embeddable":true,"href":"https:\/\/tekniseri.se\/index.php?rest_route=\/wp\/v2\/pages\/1651"}],"wp:attachment":[{"href":"https:\/\/tekniseri.se\/index.php?rest_route=%2Fwp%2Fv2%2Fmedia&parent=1518"}],"curies":[{"name":"wp","href":"https:\/\/api.w.org\/{rel}","templated":true}]}}