{"id":1504,"date":"2021-02-23T20:15:01","date_gmt":"2021-02-23T20:15:01","guid":{"rendered":"https:\/\/tekniseri.com\/?page_id=1504"},"modified":"2021-02-23T20:15:04","modified_gmt":"2021-02-23T20:15:04","slug":"9solutions","status":"publish","type":"page","link":"https:\/\/tekniseri.se\/?page_id=1504","title":{"rendered":"9Solutions"},"content":{"rendered":"<div class=\"fusion-fullwidth fullwidth-box fusion-builder-row-1 nonhundred-percent-fullwidth non-hundred-percent-height-scrolling\" style=\"--awb-border-radius-top-left:0px;--awb-border-radius-top-right:0px;--awb-border-radius-bottom-right:0px;--awb-border-radius-bottom-left:0px;--awb-flex-wrap:wrap;\" ><div class=\"fusion-builder-row fusion-row\"><div class=\"fusion-layout-column fusion_builder_column fusion-builder-column-0 fusion_builder_column_1_1 1_1 fusion-one-full fusion-column-first fusion-column-last\" style=\"--awb-bg-size:cover;\"><div class=\"fusion-column-wrapper fusion-column-has-shadow fusion-flex-column-wrapper-legacy\"><div class=\"fusion-image-element fusion-image-align-center in-legacy-container\" style=\"text-align:center;--awb-caption-title-font-family:var(--h2_typography-font-family);--awb-caption-title-font-weight:var(--h2_typography-font-weight);--awb-caption-title-font-style:var(--h2_typography-font-style);--awb-caption-title-size:var(--h2_typography-font-size);--awb-caption-title-transform:var(--h2_typography-text-transform);--awb-caption-title-line-height:var(--h2_typography-line-height);--awb-caption-title-letter-spacing:var(--h2_typography-letter-spacing);\"><div class=\"imageframe-align-center\"><span class=\" fusion-imageframe imageframe-none imageframe-1 hover-type-none\"><img decoding=\"async\" width=\"1024\" height=\"580\" title=\"4E5A3450\" src=\"https:\/\/tekniseri.com\/wp-content\/uploads\/2020\/05\/4E5A3450-e1590581618773-1024x580.jpg\" alt class=\"img-responsive wp-image-1505\"\/><\/span><\/div><\/div><div class=\"fusion-text fusion-text-1\"><h3 style=\"text-align: center;\"><span class=\"TextRun SCXW34319449 BCX0\" lang=\"EN-US\" xml:lang=\"EN-US\" data-contrast=\"auto\"><span class=\"NormalTextRun SCXW34319449 BCX0\">Plug &amp; Play Kommunikationssystem f\u00f6r sjuksk\u00f6terskor av 9Solutions<\/span><\/span><span class=\"EOP SCXW34319449 BCX0\" data-ccp-props=\"{\"> <\/span><\/h3>\n<p style=\"text-align: justify;\"><span class=\"TextRun SCXW199618633 BCX0\" lang=\"EN-US\" xml:lang=\"EN-US\" data-contrast=\"auto\"><span class=\"NormalTextRun SCXW199618633 BCX0\">Kommunikationsteknologin g\u00f6r framsteg \u00e4ven inom h\u00e4lsov\u00e5rdssektorn, d\u00e4r kommunikationssystem f\u00f6r sjuksk\u00f6terskor har bist\u00e5tt sjukhus och v\u00e5rdhem i omedelbar kommunikation, s\u00e5 r\u00e4tt person direkt kan kontaktas. Det \u00e4r oerh\u00f6rt viktigt att sjuksk\u00f6terskor genast \u00e4r tillg\u00e4ngliga d\u00e5 en l\u00e4kare eller patient beh\u00f6ver dem. 9Solutions kommunikationssystem f\u00f6r sjuksk\u00f6terskor \u00e4r enkelt att anv\u00e4nda och en snabbinstallerad l\u00f6sning som tillfredsst\u00e4ller det grundl\u00e4ggande kommunikationsbehovet mellan patienter och sjuksk\u00f6terskor. <\/span><\/span>9Solutions \u00e4r Finlands ledande leverant\u00f6r f\u00f6r lokalisering av s\u00e4kerhets- och kommunikationssystem samt intelligenta v\u00e5rdl\u00f6sningar. F\u00f6retagets system anv\u00e4nds inom v\u00e5rden i v\u00e5rdhem, sjukhus, samt inom hemv\u00e5rden. Systemet f\u00f6r att inkalla sjuksk\u00f6terskor best\u00e5r av tre komponenter: patientens telefon f\u00f6r sjuksk\u00f6terskesamtal, som patienten anv\u00e4nder antingen f\u00f6r akuta eller icke-akuta samtal, en rumsenhet med r\u00f6stf\u00f6rbindelse mellan sjuksk\u00f6terska och patient, samt en mobil app f\u00f6r mottagning och behandling av larm och uppgifter.<\/p>\n<\/div><div class=\"fusion-image-element fusion-image-align-center in-legacy-container\" style=\"text-align:center;--awb-caption-title-font-family:var(--h2_typography-font-family);--awb-caption-title-font-weight:var(--h2_typography-font-weight);--awb-caption-title-font-style:var(--h2_typography-font-style);--awb-caption-title-size:var(--h2_typography-font-size);--awb-caption-title-transform:var(--h2_typography-text-transform);--awb-caption-title-line-height:var(--h2_typography-line-height);--awb-caption-title-letter-spacing:var(--h2_typography-letter-spacing);\"><div class=\"imageframe-align-center\"><span class=\" fusion-imageframe imageframe-none imageframe-2 hover-type-none\"><img decoding=\"async\" width=\"1024\" height=\"541\" title=\"9solutions\" src=\"https:\/\/tekniseri.com\/wp-content\/uploads\/2020\/05\/9solutions-1024x541.png\" alt class=\"img-responsive wp-image-1506\" srcset=\"https:\/\/tekniseri.se\/wp-content\/uploads\/2020\/05\/9solutions-200x106.png 200w, https:\/\/tekniseri.se\/wp-content\/uploads\/2020\/05\/9solutions-400x211.png 400w, https:\/\/tekniseri.se\/wp-content\/uploads\/2020\/05\/9solutions-600x317.png 600w, https:\/\/tekniseri.se\/wp-content\/uploads\/2020\/05\/9solutions-800x423.png 800w, https:\/\/tekniseri.se\/wp-content\/uploads\/2020\/05\/9solutions-1200x634.png 1200w, https:\/\/tekniseri.se\/wp-content\/uploads\/2020\/05\/9solutions.png 1600w\" sizes=\"(max-width: 800px) 100vw, 1024px\" \/><\/span><\/div><\/div><div class=\"fusion-text fusion-text-2\"><p style=\"text-align: justify;\">Tekniseri verkar som 9Solutions partner genom tillverkning av frontpaneler f\u00f6r samtalssystemen. Panelerna skapas av polyesterfilm av h\u00f6g kvalitet, som utvecklats f\u00f6r applikationer som kr\u00e4ver en kombination av slitt\u00e5lighet och flexibilitet s\u00e5som kontrollpaneler, frontpaneler och membranpanel. Panelerna produceras genom screentryck p\u00e5 baksidan av en polyesterfilm, vilket ger utm\u00e4rkt skydd f\u00f6r slitage och st\u00f6tar. Lasersk\u00e4rning och pr\u00e4gling garanterar h\u00f6g kvalitet samt en behaglig k\u00e4nsla f\u00f6r produkten.<\/p>\n<p>F\u00f6r att l\u00e4sa mer om 9Solutions, se: <em><a href=\"https:\/\/9solutions.com\/\">9Solutions.com<\/a><\/em>.<\/p>\n<\/div><div class=\"fusion-clearfix\"><\/div><\/div><\/div><\/div><\/div>\n","protected":false},"excerpt":{"rendered":"","protected":false},"author":1,"featured_media":0,"parent":1643,"menu_order":0,"comment_status":"closed","ping_status":"closed","template":"100-width.php","meta":{"footnotes":""},"class_list":["post-1504","page","type-page","status-publish","hentry"],"yoast_head":"<!-- This site is optimized with the Yoast SEO plugin v27.3 - https:\/\/yoast.com\/product\/yoast-seo-wordpress\/ -->\n<title>9Solutions &#187; Tekniseri<\/title>\n<meta name=\"robots\" content=\"index, follow, max-snippet:-1, max-image-preview:large, max-video-preview:-1\" \/>\n<link rel=\"canonical\" href=\"https:\/\/tekniseri.se\/?page_id=1504\" \/>\n<meta property=\"og:locale\" content=\"sv_SE\" \/>\n<meta property=\"og:type\" content=\"article\" \/>\n<meta property=\"og:title\" content=\"9Solutions &#187; Tekniseri\" \/>\n<meta property=\"og:url\" content=\"https:\/\/tekniseri.se\/?page_id=1504\" \/>\n<meta property=\"og:site_name\" content=\"Tekniseri\" \/>\n<meta property=\"article:publisher\" content=\"https:\/\/www.facebook.com\/tekniseri\/\" \/>\n<meta property=\"article:modified_time\" content=\"2021-02-23T20:15:04+00:00\" \/>\n<meta name=\"twitter:card\" content=\"summary_large_image\" \/>\n<meta name=\"twitter:label1\" content=\"Ber\u00e4knad l\u00e4stid\" \/>\n\t<meta name=\"twitter:data1\" content=\"4 minuter\" \/>\n<script type=\"application\/ld+json\" class=\"yoast-schema-graph\">{\"@context\":\"https:\\\/\\\/schema.org\",\"@graph\":[{\"@type\":\"WebPage\",\"@id\":\"https:\\\/\\\/tekniseri.se\\\/?page_id=1504\",\"url\":\"https:\\\/\\\/tekniseri.se\\\/?page_id=1504\",\"name\":\"9Solutions &#187; Tekniseri\",\"isPartOf\":{\"@id\":\"https:\\\/\\\/tekniseri.se\\\/#website\"},\"datePublished\":\"2021-02-23T20:15:01+00:00\",\"dateModified\":\"2021-02-23T20:15:04+00:00\",\"breadcrumb\":{\"@id\":\"https:\\\/\\\/tekniseri.se\\\/?page_id=1504#breadcrumb\"},\"inLanguage\":\"sv-SE\",\"potentialAction\":[{\"@type\":\"ReadAction\",\"target\":[\"https:\\\/\\\/tekniseri.se\\\/?page_id=1504\"]}]},{\"@type\":\"BreadcrumbList\",\"@id\":\"https:\\\/\\\/tekniseri.se\\\/?page_id=1504#breadcrumb\",\"itemListElement\":[{\"@type\":\"ListItem\",\"position\":1,\"name\":\"Home\",\"item\":\"https:\\\/\\\/tekniseri.se\\\/\"},{\"@type\":\"ListItem\",\"position\":2,\"name\":\"Referenser\",\"item\":\"https:\\\/\\\/tekniseri.se\\\/?page_id=1643\"},{\"@type\":\"ListItem\",\"position\":3,\"name\":\"9Solutions\"}]},{\"@type\":\"WebSite\",\"@id\":\"https:\\\/\\\/tekniseri.se\\\/#website\",\"url\":\"https:\\\/\\\/tekniseri.se\\\/\",\"name\":\"Tekniseri\",\"description\":\"\",\"publisher\":{\"@id\":\"https:\\\/\\\/tekniseri.se\\\/#organization\"},\"potentialAction\":[{\"@type\":\"SearchAction\",\"target\":{\"@type\":\"EntryPoint\",\"urlTemplate\":\"https:\\\/\\\/tekniseri.se\\\/?s={search_term_string}\"},\"query-input\":{\"@type\":\"PropertyValueSpecification\",\"valueRequired\":true,\"valueName\":\"search_term_string\"}}],\"inLanguage\":\"sv-SE\"},{\"@type\":\"Organization\",\"@id\":\"https:\\\/\\\/tekniseri.se\\\/#organization\",\"name\":\"Tekniseri\",\"url\":\"https:\\\/\\\/tekniseri.se\\\/\",\"logo\":{\"@type\":\"ImageObject\",\"inLanguage\":\"sv-SE\",\"@id\":\"https:\\\/\\\/tekniseri.se\\\/#\\\/schema\\\/logo\\\/image\\\/\",\"url\":\"https:\\\/\\\/tekniseri.se\\\/wp-content\\\/uploads\\\/2023\\\/01\\\/Tekniseri-Logo-2023.jpg\",\"contentUrl\":\"https:\\\/\\\/tekniseri.se\\\/wp-content\\\/uploads\\\/2023\\\/01\\\/Tekniseri-Logo-2023.jpg\",\"width\":2422,\"height\":356,\"caption\":\"Tekniseri\"},\"image\":{\"@id\":\"https:\\\/\\\/tekniseri.se\\\/#\\\/schema\\\/logo\\\/image\\\/\"},\"sameAs\":[\"https:\\\/\\\/www.facebook.com\\\/tekniseri\\\/\",\"https:\\\/\\\/linkedin.com\\\/company\\\/tekniseri\"]}]}<\/script>\n<!-- \/ Yoast SEO plugin. -->","yoast_head_json":{"title":"9Solutions &#187; Tekniseri","robots":{"index":"index","follow":"follow","max-snippet":"max-snippet:-1","max-image-preview":"max-image-preview:large","max-video-preview":"max-video-preview:-1"},"canonical":"https:\/\/tekniseri.se\/?page_id=1504","og_locale":"sv_SE","og_type":"article","og_title":"9Solutions &#187; Tekniseri","og_url":"https:\/\/tekniseri.se\/?page_id=1504","og_site_name":"Tekniseri","article_publisher":"https:\/\/www.facebook.com\/tekniseri\/","article_modified_time":"2021-02-23T20:15:04+00:00","twitter_card":"summary_large_image","twitter_misc":{"Ber\u00e4knad l\u00e4stid":"4 minuter"},"schema":{"@context":"https:\/\/schema.org","@graph":[{"@type":"WebPage","@id":"https:\/\/tekniseri.se\/?page_id=1504","url":"https:\/\/tekniseri.se\/?page_id=1504","name":"9Solutions &#187; Tekniseri","isPartOf":{"@id":"https:\/\/tekniseri.se\/#website"},"datePublished":"2021-02-23T20:15:01+00:00","dateModified":"2021-02-23T20:15:04+00:00","breadcrumb":{"@id":"https:\/\/tekniseri.se\/?page_id=1504#breadcrumb"},"inLanguage":"sv-SE","potentialAction":[{"@type":"ReadAction","target":["https:\/\/tekniseri.se\/?page_id=1504"]}]},{"@type":"BreadcrumbList","@id":"https:\/\/tekniseri.se\/?page_id=1504#breadcrumb","itemListElement":[{"@type":"ListItem","position":1,"name":"Home","item":"https:\/\/tekniseri.se\/"},{"@type":"ListItem","position":2,"name":"Referenser","item":"https:\/\/tekniseri.se\/?page_id=1643"},{"@type":"ListItem","position":3,"name":"9Solutions"}]},{"@type":"WebSite","@id":"https:\/\/tekniseri.se\/#website","url":"https:\/\/tekniseri.se\/","name":"Tekniseri","description":"","publisher":{"@id":"https:\/\/tekniseri.se\/#organization"},"potentialAction":[{"@type":"SearchAction","target":{"@type":"EntryPoint","urlTemplate":"https:\/\/tekniseri.se\/?s={search_term_string}"},"query-input":{"@type":"PropertyValueSpecification","valueRequired":true,"valueName":"search_term_string"}}],"inLanguage":"sv-SE"},{"@type":"Organization","@id":"https:\/\/tekniseri.se\/#organization","name":"Tekniseri","url":"https:\/\/tekniseri.se\/","logo":{"@type":"ImageObject","inLanguage":"sv-SE","@id":"https:\/\/tekniseri.se\/#\/schema\/logo\/image\/","url":"https:\/\/tekniseri.se\/wp-content\/uploads\/2023\/01\/Tekniseri-Logo-2023.jpg","contentUrl":"https:\/\/tekniseri.se\/wp-content\/uploads\/2023\/01\/Tekniseri-Logo-2023.jpg","width":2422,"height":356,"caption":"Tekniseri"},"image":{"@id":"https:\/\/tekniseri.se\/#\/schema\/logo\/image\/"},"sameAs":["https:\/\/www.facebook.com\/tekniseri\/","https:\/\/linkedin.com\/company\/tekniseri"]}]}},"_links":{"self":[{"href":"https:\/\/tekniseri.se\/index.php?rest_route=\/wp\/v2\/pages\/1504","targetHints":{"allow":["GET"]}}],"collection":[{"href":"https:\/\/tekniseri.se\/index.php?rest_route=\/wp\/v2\/pages"}],"about":[{"href":"https:\/\/tekniseri.se\/index.php?rest_route=\/wp\/v2\/types\/page"}],"author":[{"embeddable":true,"href":"https:\/\/tekniseri.se\/index.php?rest_route=\/wp\/v2\/users\/1"}],"replies":[{"embeddable":true,"href":"https:\/\/tekniseri.se\/index.php?rest_route=%2Fwp%2Fv2%2Fcomments&post=1504"}],"version-history":[{"count":5,"href":"https:\/\/tekniseri.se\/index.php?rest_route=\/wp\/v2\/pages\/1504\/revisions"}],"predecessor-version":[{"id":1511,"href":"https:\/\/tekniseri.se\/index.php?rest_route=\/wp\/v2\/pages\/1504\/revisions\/1511"}],"up":[{"embeddable":true,"href":"https:\/\/tekniseri.se\/index.php?rest_route=\/wp\/v2\/pages\/1643"}],"wp:attachment":[{"href":"https:\/\/tekniseri.se\/index.php?rest_route=%2Fwp%2Fv2%2Fmedia&parent=1504"}],"curies":[{"name":"wp","href":"https:\/\/api.w.org\/{rel}","templated":true}]}}